{"id":12654,"date":"2022-01-24T17:03:12","date_gmt":"2022-01-24T16:03:12","guid":{"rendered":"https:\/\/www.bse.u-bordeaux.fr\/?page_id=12654"},"modified":"2022-01-27T13:36:12","modified_gmt":"2022-01-27T12:36:12","slug":"membres-p1","status":"publish","type":"page","link":"https:\/\/www.bse.u-bordeaux.fr\/en\/research-programmes\/programme-1\/membres-p1\/","title":{"rendered":"membres P1"},"content":{"rendered":"<p><div class=\"fusion-fullwidth fullwidth-box fusion-builder-row-1 fusion-flex-container nonhundred-percent-fullwidth non-hundred-percent-height-scrolling\" style=\"--awb-border-radius-top-left:0px;--awb-border-radius-top-right:0px;--awb-border-radius-bottom-right:0px;--awb-border-radius-bottom-left:0px;--awb-padding-top:40px;--awb-padding-top-medium:20px;--awb-padding-top-small:20px;--awb-flex-wrap:wrap;\" ><div class=\"fusion-builder-row fusion-row fusion-flex-align-items-flex-start fusion-flex-content-wrap\" style=\"max-width:1352px;margin-left: calc(-4% \/ 2 );margin-right: calc(-4% \/ 2 );\"><div class=\"fusion-layout-column fusion_builder_column fusion-builder-column-0 fusion_builder_column_1_6 1_6 fusion-flex-column\" style=\"--awb-bg-size:cover;--awb-width-large:16.666666666667%;--awb-margin-top-large:0px;--awb-spacing-right-large:11.52%;--awb-margin-bottom-large:20px;--awb-spacing-left-large:11.52%;--awb-width-medium:100%;--awb-order-medium:0;--awb-spacing-right-medium:1.92%;--awb-spacing-left-medium:1.92%;--awb-width-small:100%;--awb-order-small:0;--awb-spacing-right-small:1.92%;--awb-spacing-left-small:1.92%;\"><div class=\"fusion-column-wrapper fusion-column-has-shadow fusion-flex-justify-content-flex-start fusion-content-layout-column\"><\/div><\/div><div class=\"fusion-layout-column fusion_builder_column fusion-builder-column-1 fusion_builder_column_2_3 2_3 fusion-flex-column\" style=\"--awb-bg-size:cover;--awb-width-large:66.666666666667%;--awb-margin-top-large:0px;--awb-spacing-right-large:2.88%;--awb-margin-bottom-large:20px;--awb-spacing-left-large:2.88%;--awb-width-medium:100%;--awb-order-medium:0;--awb-spacing-right-medium:1.92%;--awb-spacing-left-medium:1.92%;--awb-width-small:100%;--awb-order-small:0;--awb-spacing-right-small:1.92%;--awb-spacing-left-small:1.92%;\"><div class=\"fusion-column-wrapper fusion-column-has-shadow fusion-flex-justify-content-flex-start fusion-content-layout-column\"><div class=\"fusion-image-element \" style=\"text-align:center;--awb-max-width:100px;--awb-caption-title-font-family:var(--h2_typography-font-family);--awb-caption-title-font-weight:var(--h2_typography-font-weight);--awb-caption-title-font-style:var(--h2_typography-font-style);--awb-caption-title-size:var(--h2_typography-font-size);--awb-caption-title-transform:var(--h2_typography-text-transform);--awb-caption-title-line-height:var(--h2_typography-line-height);--awb-caption-title-letter-spacing:var(--h2_typography-letter-spacing);\"><span class=\" fusion-imageframe imageframe-none imageframe-1 hover-type-none\"><img decoding=\"async\" width=\"300\" height=\"300\" title=\"BSE.02.CMJK\" src=\"https:\/\/www.bse.u-bordeaux.fr\/wp-content\/uploads\/2021\/12\/BSE.02.CMJK_-300x300.png\" alt class=\"img-responsive wp-image-11983\" srcset=\"https:\/\/www.bse.u-bordeaux.fr\/wp-content\/uploads\/2021\/12\/BSE.02.CMJK_-200x200.png 200w, https:\/\/www.bse.u-bordeaux.fr\/wp-content\/uploads\/2021\/12\/BSE.02.CMJK_-400x399.png 400w, https:\/\/www.bse.u-bordeaux.fr\/wp-content\/uploads\/2021\/12\/BSE.02.CMJK_-600x599.png 600w, https:\/\/www.bse.u-bordeaux.fr\/wp-content\/uploads\/2021\/12\/BSE.02.CMJK_.png 625w\" sizes=\"(max-width: 881px) 100vw, (max-width: 640px) 100vw, 300px\" \/><\/span><\/div><div class=\"fusion-title title fusion-title-1 fusion-sep-none fusion-title-center fusion-title-text fusion-title-size-one\" style=\"--awb-margin-top:30px;--awb-margin-bottom:60px;--awb-margin-top-small:20px;--awb-margin-right-small:0px;--awb-margin-bottom-small:20px;--awb-margin-left-small:0px;--awb-margin-top-medium:30px;--awb-margin-bottom-medium:40px;\"><h1 class=\"fusion-title-heading title-heading-center\" style=\"margin:0;\"><h1 style=\"text-align: center;\"><span class=\"ezstring-field\"><strong>Programme 1 (ISI)<\/strong><\/span><\/h1><\/h1><\/div><\/div><\/div><div class=\"fusion-layout-column fusion_builder_column fusion-builder-column-2 fusion_builder_column_1_6 1_6 fusion-flex-column\" style=\"--awb-bg-size:cover;--awb-width-large:16.666666666667%;--awb-margin-top-large:0px;--awb-spacing-right-large:11.52%;--awb-margin-bottom-large:20px;--awb-spacing-left-large:11.52%;--awb-width-medium:100%;--awb-order-medium:0;--awb-spacing-right-medium:1.92%;--awb-spacing-left-medium:1.92%;--awb-width-small:100%;--awb-order-small:0;--awb-spacing-right-small:1.92%;--awb-spacing-left-small:1.92%;\"><div class=\"fusion-column-wrapper fusion-column-has-shadow fusion-flex-justify-content-flex-start fusion-content-layout-column\"><\/div><\/div><div class=\"fusion-layout-column fusion_builder_column fusion-builder-column-3 fusion_builder_column_1_1 1_1 fusion-flex-column\" style=\"--awb-bg-size:cover;--awb-width-large:100%;--awb-margin-top-large:0px;--awb-spacing-right-large:1.92%;--awb-margin-bottom-large:20px;--awb-spacing-left-large:1.92%;--awb-width-medium:100%;--awb-order-medium:0;--awb-spacing-right-medium:1.92%;--awb-spacing-left-medium:1.92%;--awb-width-small:100%;--awb-order-small:0;--awb-spacing-right-small:1.92%;--awb-spacing-left-small:1.92%;\"><div class=\"fusion-column-wrapper fusion-column-has-shadow fusion-flex-justify-content-flex-start fusion-content-layout-column\"><div class=\"fusion-text fusion-text-1\" style=\"--awb-text-transform:none;\"><div class=\"tmm tmm_chercheurs-et-enseignants-chercheurs-2\"><div class=\"tmm_5_columns tmm_wrap tmm_theme_f\"><span class=\"tmm_two_containers_tablet\"><\/span><div class=\"tmm_container\"><div class=\"tmm_member\" style=\"border-top:#19255b solid 5px;\"><a  href=\"https:\/\/www.bse.u-bordeaux.fr\/membres\/jean-belin\/\" title=\"Jean BELIN\"><div class=\"tmm_photo tmm_pic_chercheurs-et-enseignants-chercheurs-2_0\" style=\"background: url(https:\/\/www.bse.u-bordeaux.fr\/wp-content\/uploads\/2019\/07\/belin2.jpg); margin-left: auto; margin-right:auto; background-size:cover !important;\"><\/div><\/a><div class=\"tmm_textblock\"><div class=\"tmm_names\"><span class=\"tmm_fname\">Jean<\/span> <span class=\"tmm_lname\">BELIN<\/span><\/div><div class=\"tmm_scblock\"><\/div><\/div><\/div><div class=\"tmm_member\" style=\"border-top:#19255b solid 5px;\"><a  href=\"https:\/\/www.bse.u-bordeaux.fr\/membres\/laurent-berge\" title=\"Laurent BERGE\"><div class=\"tmm_photo tmm_pic_chercheurs-et-enseignants-chercheurs-2_1\" style=\"background: url(https:\/\/www.bse.u-bordeaux.fr\/wp-content\/uploads\/2021\/02\/BERGE-Laurent.jpg); margin-left: auto; margin-right:auto; background-size:cover !important;\"><\/div><\/a><div class=\"tmm_textblock\"><div class=\"tmm_names\"><span class=\"tmm_fname\">Laurent<\/span> <span class=\"tmm_lname\">BERGE<\/span><\/div><div class=\"tmm_scblock\"><\/div><\/div><\/div><span class=\"tmm_two_containers_tablet\"><\/span><div class=\"tmm_member\" style=\"border-top:#19255b solid 5px;\"><a  href=\"https:\/\/www.bse.u-bordeaux.fr\/membres\/eric-brouillat\" title=\"Eric BROUILLAT\"><div class=\"tmm_photo tmm_pic_chercheurs-et-enseignants-chercheurs-2_2\" style=\"background: url(https:\/\/www.bse.u-bordeaux.fr\/wp-content\/uploads\/2019\/07\/brouillat2.jpg); margin-left: auto; margin-right:auto; background-size:cover !important;\"><\/div><\/a><div class=\"tmm_textblock\"><div class=\"tmm_names\"><span class=\"tmm_fname\">Eric<\/span> <span class=\"tmm_lname\">BROUILLAT<\/span><\/div><div class=\"tmm_scblock\"><\/div><\/div><\/div><div class=\"tmm_member\" style=\"border-top:#19255b solid 5px;\"><a  href=\"https:\/\/www.bse.u-bordeaux.fr\/membres\/nicolas-carayol\" title=\"Nicolas CARAYOL\"><div class=\"tmm_photo tmm_pic_chercheurs-et-enseignants-chercheurs-2_3\" style=\"background: url(https:\/\/www.bse.u-bordeaux.fr\/wp-content\/uploads\/2019\/07\/carayol-1.jpg); margin-left: auto; margin-right:auto; background-size:cover !important;\"><\/div><\/a><div class=\"tmm_textblock\"><div class=\"tmm_names\"><span class=\"tmm_fname\">Nicolas<\/span> <span class=\"tmm_lname\">CARAYOL<\/span><\/div><div class=\"tmm_scblock\"><\/div><\/div><\/div><span class=\"tmm_two_containers_tablet\"><\/span><div class=\"tmm_member\" style=\"border-top:#19255b solid 5px;\"><a  href=\"https:\/\/www.bse.u-bordeaux.fr\/membres\/christophe-CARRINCAZEAUX\" title=\"Christophe CARRINCAZEAUX\"><div class=\"tmm_photo tmm_pic_chercheurs-et-enseignants-chercheurs-2_4\" style=\"background: url(https:\/\/www.bse.u-bordeaux.fr\/wp-content\/uploads\/2019\/07\/carrincazeaux-1.jpg); margin-left: auto; margin-right:auto; background-size:cover !important;\"><\/div><\/a><div class=\"tmm_textblock\"><div class=\"tmm_names\"><span class=\"tmm_fname\">Christophe<\/span> <span class=\"tmm_lname\">CARRINCAZEAUX<\/span><\/div><div class=\"tmm_scblock\"><\/div><\/div><\/div><\/div><span class=\"tmm_columns_containers_desktop\"><\/span><div class=\"tmm_container\"><div class=\"tmm_member\" style=\"border-top:#19255b solid 5px;\"><a  href=\"https:\/\/www.bse.u-bordeaux.fr\/membres\/marie-coris\" title=\"Marie CORIS\"><div class=\"tmm_photo tmm_pic_chercheurs-et-enseignants-chercheurs-2_5\" style=\"background: url(https:\/\/www.bse.u-bordeaux.fr\/wp-content\/uploads\/2019\/07\/Coris-2-1.jpg); margin-left: auto; margin-right:auto; background-size:cover !important;\"><\/div><\/a><div class=\"tmm_textblock\"><div class=\"tmm_names\"><span class=\"tmm_fname\">Marie<\/span> <span class=\"tmm_lname\">CORIS<\/span><\/div><div class=\"tmm_scblock\"><\/div><\/div><\/div><span class=\"tmm_two_containers_tablet\"><\/span><div class=\"tmm_member\" style=\"border-top:#19255b solid 5px;\"><a  href=\"https:\/\/www.bse.u-bordeaux.fr\/membres\/claude-dupuy\" title=\"Claude DUPUY\"><div class=\"tmm_photo tmm_pic_chercheurs-et-enseignants-chercheurs-2_6\" style=\"background: url(https:\/\/www.bse.u-bordeaux.fr\/wp-content\/uploads\/2019\/07\/dupuy.jpg); margin-left: auto; margin-right:auto; background-size:cover !important;\"><\/div><\/a><div class=\"tmm_textblock\"><div class=\"tmm_names\"><span class=\"tmm_fname\">Claude<\/span> <span class=\"tmm_lname\">DUPUY<\/span><\/div><div class=\"tmm_scblock\"><\/div><\/div><\/div><div class=\"tmm_member\" style=\"border-top:#19255b solid 5px;\"><a  href=\"https:\/\/www.bse.u-bordeaux.fr\/membres\/vincent-frigant\" title=\"Vincent FRIGANT\"><div class=\"tmm_photo tmm_pic_chercheurs-et-enseignants-chercheurs-2_7\" style=\"background: url(https:\/\/www.bse.u-bordeaux.fr\/wp-content\/uploads\/2019\/07\/frigant.png); margin-left: auto; margin-right:auto; background-size:cover !important;\"><\/div><\/a><div class=\"tmm_textblock\"><div class=\"tmm_names\"><span class=\"tmm_fname\">Vincent<\/span> <span class=\"tmm_lname\">FRIGANT<\/span><\/div><div class=\"tmm_scblock\"><\/div><\/div><\/div><span class=\"tmm_two_containers_tablet\"><\/span><div class=\"tmm_member\" style=\"border-top:#19255b solid 5px;\"><a  href=\"https:\/\/www.bse.u-bordeaux.fr\/membres\/philippe-GORRY\" title=\"Philippe GORRY\"><div class=\"tmm_photo tmm_pic_chercheurs-et-enseignants-chercheurs-2_8\" style=\"background: url(https:\/\/www.bse.u-bordeaux.fr\/wp-content\/uploads\/2019\/07\/Gorry-1.jpg); margin-left: auto; margin-right:auto; background-size:cover !important;\"><\/div><\/a><div class=\"tmm_textblock\"><div class=\"tmm_names\"><span class=\"tmm_fname\">Philippe<\/span> <span class=\"tmm_lname\">GORRY<\/span><\/div><div class=\"tmm_scblock\"><\/div><\/div><\/div><div class=\"tmm_member\" style=\"border-top:#19255b solid 5px;\"><a  href=\"https:\/\/www.bse.u-bordeaux.fr\/membres\/bernard-jullien\" title=\"Bernard JULLIEN\"><div class=\"tmm_photo tmm_pic_chercheurs-et-enseignants-chercheurs-2_9\" style=\"background: url(https:\/\/www.bse.u-bordeaux.fr\/wp-content\/uploads\/2019\/07\/jullien-1.jpg); margin-left: auto; margin-right:auto; background-size:cover !important;\"><\/div><\/a><div class=\"tmm_textblock\"><div class=\"tmm_names\"><span class=\"tmm_fname\">Bernard<\/span> <span class=\"tmm_lname\">JULLIEN<\/span><\/div><div class=\"tmm_scblock\"><\/div><\/div><\/div><span class=\"tmm_two_containers_tablet\"><\/span><\/div><span class=\"tmm_columns_containers_desktop\"><\/span><div class=\"tmm_container\"><div class=\"tmm_member\" style=\"border-top:#19255b solid 5px;\"><a  href=\"https:\/\/www.bse.u-bordeaux.fr\/membres\/marie-lebreton\" title=\"Marie LEBRETON\"><div class=\"tmm_photo tmm_pic_chercheurs-et-enseignants-chercheurs-2_10\" style=\"background: url(https:\/\/www.bse.u-bordeaux.fr\/wp-content\/uploads\/2019\/07\/no-photo.png); margin-left: auto; margin-right:auto; background-size:cover !important;\"><\/div><\/a><div class=\"tmm_textblock\"><div class=\"tmm_names\"><span class=\"tmm_fname\">Marie<\/span> <span class=\"tmm_lname\">LEBRETON<\/span><\/div><div class=\"tmm_scblock\"><\/div><\/div><\/div><div class=\"tmm_member\" style=\"border-top:#19255b solid 5px;\"><a  href=\"https:\/\/www.bse.u-bordeaux.fr\/membres\/francesco-lissoni\" title=\"Francesco LISSONI\"><div class=\"tmm_photo tmm_pic_chercheurs-et-enseignants-chercheurs-2_11\" style=\"background: url(https:\/\/www.bse.u-bordeaux.fr\/wp-content\/uploads\/2019\/07\/lissoni.jpg); margin-left: auto; margin-right:auto; background-size:cover !important;\"><\/div><\/a><div class=\"tmm_textblock\"><div class=\"tmm_names\"><span class=\"tmm_fname\">Francesco<\/span> <span class=\"tmm_lname\">LISSONI<\/span><\/div><div class=\"tmm_scblock\"><\/div><\/div><\/div><span class=\"tmm_two_containers_tablet\"><\/span><div class=\"tmm_member\" style=\"border-top:#19255b solid 5px;\"><a  href=\"https:\/\/www.bse.u-bordeaux.fr\/membres\/matthieu-montalban\" title=\"Matthieu MONTALBAN\"><div class=\"tmm_photo tmm_pic_chercheurs-et-enseignants-chercheurs-2_12\" style=\"background: url(https:\/\/www.bse.u-bordeaux.fr\/wp-content\/uploads\/2019\/09\/facebook_1602488194882_6721322645746877866.jpg); margin-left: auto; margin-right:auto; background-size:cover !important;\"><\/div><\/a><div class=\"tmm_textblock\"><div class=\"tmm_names\"><span class=\"tmm_fname\">Matthieu<\/span> <span class=\"tmm_lname\">MONTALBAN<\/span><\/div><div class=\"tmm_scblock\"><\/div><\/div><\/div><div class=\"tmm_member\" style=\"border-top:#19255b solid 5px;\"><a  href=\"https:\/\/www.bse.u-bordeaux.fr\/membres\/vanessa-oltra\" title=\"Vanessa OLTRA\"><div class=\"tmm_photo tmm_pic_chercheurs-et-enseignants-chercheurs-2_13\" style=\"background: url(https:\/\/www.bse.u-bordeaux.fr\/wp-content\/uploads\/2019\/07\/oltra.jpg); margin-left: auto; margin-right:auto; background-size:cover !important;\"><\/div><\/a><div class=\"tmm_textblock\"><div class=\"tmm_names\"><span class=\"tmm_fname\">Vanessa<\/span> <span class=\"tmm_lname\">OLTRA<\/span><\/div><div class=\"tmm_scblock\"><\/div><\/div><\/div><span class=\"tmm_two_containers_tablet\"><\/span><div class=\"tmm_member\" style=\"border-top:#19255b solid 5px;\"><a  href=\"https:\/\/www.bse.u-bordeaux.fr\/membres\/pascale.roux\" title=\"Pascale ROUX\"><div class=\"tmm_photo tmm_pic_chercheurs-et-enseignants-chercheurs-2_14\" style=\"background: url(https:\/\/www.bse.u-bordeaux.fr\/wp-content\/uploads\/2019\/07\/roux.jpg); margin-left: auto; margin-right:auto; background-size:cover !important;\"><\/div><\/a><div class=\"tmm_textblock\"><div class=\"tmm_names\"><span class=\"tmm_fname\">Pascale<\/span> <span class=\"tmm_lname\">ROUX<\/span><\/div><div class=\"tmm_scblock\"><\/div><\/div><\/div><\/div><span class=\"tmm_columns_containers_desktop\"><\/span><div class=\"tmm_container\"><div class=\"tmm_member\" style=\"border-top:#19255b solid 5px;\"><a  href=\"https:\/\/www.bse.u-bordeaux.fr\/membres\/maider-saint-jean\" title=\"Ma\u00efder SAINT JEAN\"><div class=\"tmm_photo tmm_pic_chercheurs-et-enseignants-chercheurs-2_15\" style=\"background: url(https:\/\/www.bse.u-bordeaux.fr\/wp-content\/uploads\/2019\/07\/saint-jean.jpg); margin-left: auto; margin-right:auto; background-size:cover !important;\"><\/div><\/a><div class=\"tmm_textblock\"><div class=\"tmm_names\"><span class=\"tmm_fname\">Ma\u00efder<\/span> <span class=\"tmm_lname\">SAINT JEAN<\/span><\/div><div class=\"tmm_scblock\"><\/div><\/div><\/div><span class=\"tmm_two_containers_tablet\"><\/span><div class=\"tmm_member\" style=\"border-top:#19255b solid 5px;\"><a  href=\"https:\/\/www.bse.u-bordeaux.fr\/membres\/valerio-sterzi\" title=\"Valerio STERZI\"><div class=\"tmm_photo tmm_pic_chercheurs-et-enseignants-chercheurs-2_16\" style=\"background: url(https:\/\/www.bse.u-bordeaux.fr\/wp-content\/uploads\/2019\/09\/Valerio-Sterzi1-e1571215900102.jpg); margin-left: auto; margin-right:auto; background-size:cover !important;\"><\/div><\/a><div class=\"tmm_textblock\"><div class=\"tmm_names\"><span class=\"tmm_fname\">Valerio<\/span> <span class=\"tmm_lname\">STERZI<\/span><\/div><div class=\"tmm_scblock\"><\/div><\/div><\/div><div class=\"tmm_member\" style=\"border-top:#19255b solid 5px;\"><a  href=\"https:\/\/www.bse.u-bordeaux.fr\/membres\/diego-useche\" title=\"Diego USECHE\"><div class=\"tmm_photo tmm_pic_chercheurs-et-enseignants-chercheurs-2_17\" style=\"background: url(https:\/\/www.bse.u-bordeaux.fr\/wp-content\/uploads\/2019\/07\/no-photo.png); margin-left: auto; margin-right:auto; background-size:cover !important;\"><\/div><\/a><div class=\"tmm_textblock\"><div class=\"tmm_names\"><span class=\"tmm_fname\">Diego<\/span> <span class=\"tmm_lname\">USECHE<\/span><\/div><div class=\"tmm_scblock\"><\/div><\/div><\/div><div style=\"clear:both;\"><\/div><\/div><\/div><\/div>\n<\/div><\/div><\/div><\/div><\/div><div class=\"fusion-fullwidth fullwidth-box fusion-builder-row-2 fusion-flex-container nonhundred-percent-fullwidth non-hundred-percent-height-scrolling\" style=\"--awb-border-radius-top-left:0px;--awb-border-radius-top-right:0px;--awb-border-radius-bottom-right:0px;--awb-border-radius-bottom-left:0px;--awb-flex-wrap:wrap;\" ><div class=\"fusion-builder-row fusion-row fusion-flex-align-items-flex-start fusion-flex-content-wrap\" style=\"max-width:1352px;margin-left: calc(-4% \/ 2 );margin-right: calc(-4% \/ 2 );\"><\/div><\/div><\/p>\n","protected":false},"excerpt":{"rendered":"","protected":false},"author":8,"featured_media":0,"parent":6638,"menu_order":0,"comment_status":"closed","ping_status":"closed","template":"","meta":{"_monsterinsights_skip_tracking":false,"_monsterinsights_sitenote_active":false,"_monsterinsights_sitenote_note":"","_monsterinsights_sitenote_category":0,"footnotes":""},"class_list":["post-12654","page","type-page","status-publish","hentry"],"yoast_head":"<!-- This site is optimized with the Yoast SEO plugin v27.4 - https:\/\/yoast.com\/product\/yoast-seo-wordpress\/ -->\n<title>membres P1 | BxSE<\/title>\n<meta name=\"robots\" content=\"index, follow, max-snippet:-1, max-image-preview:large, max-video-preview:-1\" \/>\n<link rel=\"canonical\" href=\"https:\/\/www.bse.u-bordeaux.fr\/en\/research-programmes\/programme-1\/membres-p1\/\" \/>\n<meta property=\"og:locale\" content=\"en_US\" \/>\n<meta property=\"og:type\" content=\"article\" \/>\n<meta property=\"og:title\" content=\"membres P1 | BxSE\" \/>\n<meta property=\"og:url\" content=\"https:\/\/www.bse.u-bordeaux.fr\/en\/research-programmes\/programme-1\/membres-p1\/\" \/>\n<meta property=\"og:site_name\" content=\"BxSE\" \/>\n<meta property=\"article:modified_time\" content=\"2022-01-27T12:36:12+00:00\" \/>\n<meta property=\"og:image\" content=\"https:\/\/www.bse.u-bordeaux.fr\/wp-content\/uploads\/2024\/10\/logo-BSE.jpg\" \/>\n\t<meta property=\"og:image:width\" content=\"1200\" \/>\n\t<meta property=\"og:image:height\" content=\"675\" \/>\n\t<meta property=\"og:image:type\" content=\"image\/jpeg\" \/>\n<meta name=\"twitter:card\" content=\"summary_large_image\" \/>\n<meta name=\"twitter:label1\" content=\"Est. reading time\" \/>\n\t<meta name=\"twitter:data1\" content=\"10 minutes\" \/>\n<script type=\"application\/ld+json\" class=\"yoast-schema-graph\">{\"@context\":\"https:\\\/\\\/schema.org\",\"@graph\":[{\"@type\":\"WebPage\",\"@id\":\"https:\\\/\\\/www.bse.u-bordeaux.fr\\\/en\\\/research-programmes\\\/programme-1\\\/membres-p1\\\/\",\"url\":\"https:\\\/\\\/www.bse.u-bordeaux.fr\\\/en\\\/research-programmes\\\/programme-1\\\/membres-p1\\\/\",\"name\":\"membres P1 | BxSE\",\"isPartOf\":{\"@id\":\"https:\\\/\\\/www.bse.u-bordeaux.fr\\\/en\\\/#website\"},\"datePublished\":\"2022-01-24T16:03:12+00:00\",\"dateModified\":\"2022-01-27T12:36:12+00:00\",\"breadcrumb\":{\"@id\":\"https:\\\/\\\/www.bse.u-bordeaux.fr\\\/en\\\/research-programmes\\\/programme-1\\\/membres-p1\\\/#breadcrumb\"},\"inLanguage\":\"en-US\",\"potentialAction\":[{\"@type\":\"ReadAction\",\"target\":[\"https:\\\/\\\/www.bse.u-bordeaux.fr\\\/en\\\/research-programmes\\\/programme-1\\\/membres-p1\\\/\"]}]},{\"@type\":\"BreadcrumbList\",\"@id\":\"https:\\\/\\\/www.bse.u-bordeaux.fr\\\/en\\\/research-programmes\\\/programme-1\\\/membres-p1\\\/#breadcrumb\",\"itemListElement\":[{\"@type\":\"ListItem\",\"position\":1,\"name\":\"Accueil\",\"item\":\"https:\\\/\\\/www.bse.u-bordeaux.fr\\\/en\\\/\"},{\"@type\":\"ListItem\",\"position\":2,\"name\":\"RESEARCH PROGRAMMES\",\"item\":\"https:\\\/\\\/www.bse.u-bordeaux.fr\\\/en\\\/research-programmes\\\/\"},{\"@type\":\"ListItem\",\"position\":3,\"name\":\"PROGRAMME 1\",\"item\":\"https:\\\/\\\/www.bse.u-bordeaux.fr\\\/en\\\/research-programmes\\\/programme-1\\\/\"},{\"@type\":\"ListItem\",\"position\":4,\"name\":\"membres P1\"}]},{\"@type\":\"WebSite\",\"@id\":\"https:\\\/\\\/www.bse.u-bordeaux.fr\\\/en\\\/#website\",\"url\":\"https:\\\/\\\/www.bse.u-bordeaux.fr\\\/en\\\/\",\"name\":\"Bordeaux Sciences \u00c9conomiques - Universit\u00e9 de Bordeaux\",\"description\":\"Bordeaux Sciences \u00c9conomiques \\\/ Bordeaux School of Economics\",\"publisher\":{\"@id\":\"https:\\\/\\\/www.bse.u-bordeaux.fr\\\/en\\\/#organization\"},\"alternateName\":\"BSE - Universit\u00e9 de Bordeaux\",\"potentialAction\":[{\"@type\":\"SearchAction\",\"target\":{\"@type\":\"EntryPoint\",\"urlTemplate\":\"https:\\\/\\\/www.bse.u-bordeaux.fr\\\/en\\\/?s={search_term_string}\"},\"query-input\":{\"@type\":\"PropertyValueSpecification\",\"valueRequired\":true,\"valueName\":\"search_term_string\"}}],\"inLanguage\":\"en-US\"},{\"@type\":\"Organization\",\"@id\":\"https:\\\/\\\/www.bse.u-bordeaux.fr\\\/en\\\/#organization\",\"name\":\"BSE - Universit\u00e9 de Bordeaux\",\"url\":\"https:\\\/\\\/www.bse.u-bordeaux.fr\\\/en\\\/\",\"logo\":{\"@type\":\"ImageObject\",\"inLanguage\":\"en-US\",\"@id\":\"https:\\\/\\\/www.bse.u-bordeaux.fr\\\/en\\\/#\\\/schema\\\/logo\\\/image\\\/\",\"url\":\"https:\\\/\\\/www.bse.u-bordeaux.fr\\\/wp-content\\\/uploads\\\/2021\\\/11\\\/BSE-logo-menu.png\",\"contentUrl\":\"https:\\\/\\\/www.bse.u-bordeaux.fr\\\/wp-content\\\/uploads\\\/2021\\\/11\\\/BSE-logo-menu.png\",\"width\":190,\"height\":188,\"caption\":\"BSE - Universit\u00e9 de Bordeaux\"},\"image\":{\"@id\":\"https:\\\/\\\/www.bse.u-bordeaux.fr\\\/en\\\/#\\\/schema\\\/logo\\\/image\\\/\"},\"sameAs\":[\"https:\\\/\\\/www.linkedin.com\\\/company\\\/bse-bordeaux-sciences-economiques\\\/\",\"https:\\\/\\\/www.youtube.com\\\/@bsebordeauxscienceseconomi2508\\\/videos\"]}]}<\/script>\n<!-- \/ Yoast SEO plugin. -->","yoast_head_json":{"title":"membres P1 | BxSE","robots":{"index":"index","follow":"follow","max-snippet":"max-snippet:-1","max-image-preview":"max-image-preview:large","max-video-preview":"max-video-preview:-1"},"canonical":"https:\/\/www.bse.u-bordeaux.fr\/en\/research-programmes\/programme-1\/membres-p1\/","og_locale":"en_US","og_type":"article","og_title":"membres P1 | BxSE","og_url":"https:\/\/www.bse.u-bordeaux.fr\/en\/research-programmes\/programme-1\/membres-p1\/","og_site_name":"BxSE","article_modified_time":"2022-01-27T12:36:12+00:00","og_image":[{"width":1200,"height":675,"url":"https:\/\/www.bse.u-bordeaux.fr\/wp-content\/uploads\/2024\/10\/logo-BSE.jpg","type":"image\/jpeg"}],"twitter_card":"summary_large_image","twitter_misc":{"Est. reading time":"10 minutes"},"schema":{"@context":"https:\/\/schema.org","@graph":[{"@type":"WebPage","@id":"https:\/\/www.bse.u-bordeaux.fr\/en\/research-programmes\/programme-1\/membres-p1\/","url":"https:\/\/www.bse.u-bordeaux.fr\/en\/research-programmes\/programme-1\/membres-p1\/","name":"membres P1 | BxSE","isPartOf":{"@id":"https:\/\/www.bse.u-bordeaux.fr\/en\/#website"},"datePublished":"2022-01-24T16:03:12+00:00","dateModified":"2022-01-27T12:36:12+00:00","breadcrumb":{"@id":"https:\/\/www.bse.u-bordeaux.fr\/en\/research-programmes\/programme-1\/membres-p1\/#breadcrumb"},"inLanguage":"en-US","potentialAction":[{"@type":"ReadAction","target":["https:\/\/www.bse.u-bordeaux.fr\/en\/research-programmes\/programme-1\/membres-p1\/"]}]},{"@type":"BreadcrumbList","@id":"https:\/\/www.bse.u-bordeaux.fr\/en\/research-programmes\/programme-1\/membres-p1\/#breadcrumb","itemListElement":[{"@type":"ListItem","position":1,"name":"Accueil","item":"https:\/\/www.bse.u-bordeaux.fr\/en\/"},{"@type":"ListItem","position":2,"name":"RESEARCH PROGRAMMES","item":"https:\/\/www.bse.u-bordeaux.fr\/en\/research-programmes\/"},{"@type":"ListItem","position":3,"name":"PROGRAMME 1","item":"https:\/\/www.bse.u-bordeaux.fr\/en\/research-programmes\/programme-1\/"},{"@type":"ListItem","position":4,"name":"membres P1"}]},{"@type":"WebSite","@id":"https:\/\/www.bse.u-bordeaux.fr\/en\/#website","url":"https:\/\/www.bse.u-bordeaux.fr\/en\/","name":"Bordeaux Sciences \u00c9conomiques - Universit\u00e9 de Bordeaux","description":"Bordeaux Sciences \u00c9conomiques \/ Bordeaux School of Economics","publisher":{"@id":"https:\/\/www.bse.u-bordeaux.fr\/en\/#organization"},"alternateName":"BSE - Universit\u00e9 de Bordeaux","potentialAction":[{"@type":"SearchAction","target":{"@type":"EntryPoint","urlTemplate":"https:\/\/www.bse.u-bordeaux.fr\/en\/?s={search_term_string}"},"query-input":{"@type":"PropertyValueSpecification","valueRequired":true,"valueName":"search_term_string"}}],"inLanguage":"en-US"},{"@type":"Organization","@id":"https:\/\/www.bse.u-bordeaux.fr\/en\/#organization","name":"BSE - Universit\u00e9 de Bordeaux","url":"https:\/\/www.bse.u-bordeaux.fr\/en\/","logo":{"@type":"ImageObject","inLanguage":"en-US","@id":"https:\/\/www.bse.u-bordeaux.fr\/en\/#\/schema\/logo\/image\/","url":"https:\/\/www.bse.u-bordeaux.fr\/wp-content\/uploads\/2021\/11\/BSE-logo-menu.png","contentUrl":"https:\/\/www.bse.u-bordeaux.fr\/wp-content\/uploads\/2021\/11\/BSE-logo-menu.png","width":190,"height":188,"caption":"BSE - Universit\u00e9 de Bordeaux"},"image":{"@id":"https:\/\/www.bse.u-bordeaux.fr\/en\/#\/schema\/logo\/image\/"},"sameAs":["https:\/\/www.linkedin.com\/company\/bse-bordeaux-sciences-economiques\/","https:\/\/www.youtube.com\/@bsebordeauxscienceseconomi2508\/videos"]}]}},"_links":{"self":[{"href":"https:\/\/www.bse.u-bordeaux.fr\/en\/wp-json\/wp\/v2\/pages\/12654","targetHints":{"allow":["GET"]}}],"collection":[{"href":"https:\/\/www.bse.u-bordeaux.fr\/en\/wp-json\/wp\/v2\/pages"}],"about":[{"href":"https:\/\/www.bse.u-bordeaux.fr\/en\/wp-json\/wp\/v2\/types\/page"}],"author":[{"embeddable":true,"href":"https:\/\/www.bse.u-bordeaux.fr\/en\/wp-json\/wp\/v2\/users\/8"}],"replies":[{"embeddable":true,"href":"https:\/\/www.bse.u-bordeaux.fr\/en\/wp-json\/wp\/v2\/comments?post=12654"}],"version-history":[{"count":0,"href":"https:\/\/www.bse.u-bordeaux.fr\/en\/wp-json\/wp\/v2\/pages\/12654\/revisions"}],"up":[{"embeddable":true,"href":"https:\/\/www.bse.u-bordeaux.fr\/en\/wp-json\/wp\/v2\/pages\/6638"}],"wp:attachment":[{"href":"https:\/\/www.bse.u-bordeaux.fr\/en\/wp-json\/wp\/v2\/media?parent=12654"}],"curies":[{"name":"wp","href":"https:\/\/api.w.org\/{rel}","templated":true}]}}