{"id":12669,"date":"2022-01-24T20:34:14","date_gmt":"2022-01-24T19:34:14","guid":{"rendered":"https:\/\/www.bse.u-bordeaux.fr\/?page_id=12669"},"modified":"2026-02-19T17:01:19","modified_gmt":"2026-02-19T16:01:19","slug":"programme-4-eihf","status":"publish","type":"page","link":"https:\/\/www.bse.u-bordeaux.fr\/en\/research-programmes\/programme-4-eihf\/","title":{"rendered":"PROGRAMME 4 (EIHF)"},"content":{"rendered":"<p><div class=\"fusion-fullwidth fullwidth-box fusion-builder-row-1 nonhundred-percent-fullwidth non-hundred-percent-height-scrolling\" style=\"--awb-background-position:left top;--awb-border-sizes-top:0px;--awb-border-sizes-bottom:0px;--awb-border-sizes-left:0px;--awb-border-sizes-right:0px;--awb-border-radius-top-left:0px;--awb-border-radius-top-right:0px;--awb-border-radius-bottom-right:0px;--awb-border-radius-bottom-left:0px;--awb-padding-top:10px;--awb-background-color:#ffffff;--awb-flex-wrap:wrap;\" ><div class=\"fusion-builder-row fusion-row\"><div class=\"fusion-layout-column fusion_builder_column fusion-builder-column-0 fusion_builder_column_1_1 1_1 fusion-one-full fusion-column-first fusion-column-last\" style=\"--awb-padding-bottom:30px;--awb-bg-size:cover;\"><div class=\"fusion-column-wrapper fusion-column-has-shadow fusion-flex-column-wrapper-legacy\"><div class=\"fusion-fa-align-center\"><i class=\"fb-icon-element-1 fb-icon-element fontawesome-icon fa-chart-pie fas circle-yes\" style=\"--awb-iconcolor:var(--awb-color3);--awb-iconcolor-hover:var(--awb-color7);--awb-circlecolor:var(--awb-color1);--awb-circlecolor-hover:var(--awb-color1);--awb-circlebordercolor:var(--awb-color1);--awb-circlebordercolor-hover:var(--awb-color1);--awb-circlebordersize:1px;--awb-font-size:61.6px;--awb-width:123.2px;--awb-height:123.2px;--awb-line-height:121.2px;\"><\/i><\/div><div class=\"fusion-text fusion-text-1\" style=\"--awb-text-transform:none;\"><h1 style=\"text-align: center;\"><span class=\"ezstring-field\"><strong>Programme 4 (EIHF)<\/strong>\u00a0<\/span><span class=\"ezstring-field\"><span style=\"color: #ad0443;\">\/ <\/span>International Economics, History, Finance<\/span><\/h1>\n<\/div><div class=\"fusion-text fusion-text-2\" style=\"--awb-text-transform:none;\"><h4 style=\"text-align: center;\"><span class=\"ezstring-field\"><a href=\"https:\/\/www.bse.u-bordeaux.fr\/membres\/delphine-lahet\/\" target=\"_blank\" rel=\"noopener\">Delphine Lahet<\/a><br \/>\n<a href=\"https:\/\/www.bse.u-bordeaux.fr\/membres\/raphael-chiappini\/\" target=\"_blank\" rel=\"noopener\">Raphael Chiappini<\/a><\/span><\/h4>\n<\/div><div class=\"fusion-clearfix\"><\/div><\/div><\/div><\/div><\/div><div class=\"fusion-fullwidth fullwidth-box fusion-builder-row-2 fusion-flex-container nonhundred-percent-fullwidth non-hundred-percent-height-scrolling\" style=\"--awb-border-radius-top-left:0px;--awb-border-radius-top-right:0px;--awb-border-radius-bottom-right:0px;--awb-border-radius-bottom-left:0px;--awb-padding-bottom:20px;--awb-flex-wrap:wrap;\" ><div class=\"fusion-builder-row fusion-row fusion-flex-align-items-flex-start fusion-flex-content-wrap\" style=\"max-width:1352px;margin-left: calc(-4% \/ 2 );margin-right: calc(-4% \/ 2 );\"><div class=\"fusion-layout-column fusion_builder_column fusion-builder-column-1 fusion_builder_column_1_4 1_4 fusion-flex-column\" style=\"--awb-bg-size:cover;--awb-width-large:25%;--awb-margin-top-large:0px;--awb-spacing-right-large:7.68%;--awb-margin-bottom-large:20px;--awb-spacing-left-large:7.68%;--awb-width-medium:100%;--awb-order-medium:0;--awb-spacing-right-medium:1.92%;--awb-spacing-left-medium:1.92%;--awb-width-small:100%;--awb-order-small:0;--awb-spacing-right-small:1.92%;--awb-spacing-left-small:1.92%;\"><div class=\"fusion-column-wrapper fusion-column-has-shadow fusion-flex-justify-content-flex-start fusion-content-layout-column\"><div class=\"md-text-align-center sm-text-align-center\"><a class=\"fusion-button button-flat fusion-button-default-size button-default fusion-button-default button-1 fusion-button-default-span fusion-button-default-type\" target=\"_self\" href=\"https:\/\/www.bse.u-bordeaux.fr\/en\/research-programmes\/programme-4-eihf\/members-p4\/\"><i class=\"fa-address-book fas awb-button__icon awb-button__icon--default button-icon-left\" aria-hidden=\"true\"><\/i><span class=\"fusion-button-text awb-button__text awb-button__text--default\">Programme members<\/span><\/a><\/div><\/div><\/div><div class=\"fusion-layout-column fusion_builder_column fusion-builder-column-2 fusion_builder_column_1_4 1_4 fusion-flex-column\" style=\"--awb-bg-size:cover;--awb-width-large:25%;--awb-margin-top-large:0px;--awb-spacing-right-large:7.68%;--awb-margin-bottom-large:20px;--awb-spacing-left-large:7.68%;--awb-width-medium:100%;--awb-order-medium:0;--awb-spacing-right-medium:1.92%;--awb-spacing-left-medium:1.92%;--awb-width-small:100%;--awb-order-small:0;--awb-spacing-right-small:1.92%;--awb-spacing-left-small:1.92%;\"><div class=\"fusion-column-wrapper fusion-column-has-shadow fusion-flex-justify-content-flex-start fusion-content-layout-column\"><div style=\"text-align:center;\"><a class=\"fusion-button button-flat fusion-button-default-size button-default fusion-button-default button-2 fusion-button-default-span fusion-button-default-type\" target=\"_blank\" rel=\"noopener noreferrer\" href=\"https:\/\/www.bse.u-bordeaux.fr\/agenda\/etiquette\/seminaires-programme-4\/liste\/?eventDisplay=past\"><i class=\"fa-clock fas awb-button__icon awb-button__icon--default button-icon-left\" aria-hidden=\"true\"><\/i><span class=\"fusion-button-text awb-button__text awb-button__text--default\">seminars <\/span><\/a><\/div><\/div><\/div><div class=\"fusion-layout-column fusion_builder_column fusion-builder-column-3 fusion_builder_column_1_4 1_4 fusion-flex-column\" style=\"--awb-bg-size:cover;--awb-width-large:25%;--awb-margin-top-large:0px;--awb-spacing-right-large:7.68%;--awb-margin-bottom-large:20px;--awb-spacing-left-large:7.68%;--awb-width-medium:100%;--awb-order-medium:0;--awb-spacing-right-medium:1.92%;--awb-spacing-left-medium:1.92%;--awb-width-small:100%;--awb-order-small:0;--awb-spacing-right-small:1.92%;--awb-spacing-left-small:1.92%;\"><div class=\"fusion-column-wrapper fusion-column-has-shadow fusion-flex-justify-content-flex-start fusion-content-layout-column\"><div style=\"text-align:center;\"><a class=\"fusion-button button-flat fusion-button-default-size button-default fusion-button-default button-3 fusion-button-default-span fusion-button-default-type\" target=\"_blank\" rel=\"noopener noreferrer\" href=\"https:\/\/www.bse.u-bordeaux.fr\/agenda\/tag\/conferences-programme-4\/liste\/?eventDisplay=past\"><i class=\"fa-calendar-check fas awb-button__icon awb-button__icon--default button-icon-left\" aria-hidden=\"true\"><\/i><span class=\"fusion-button-text awb-button__text awb-button__text--default\">conferences<\/span><\/a><\/div><\/div><\/div><div class=\"fusion-layout-column fusion_builder_column fusion-builder-column-4 fusion_builder_column_1_4 1_4 fusion-flex-column\" style=\"--awb-bg-size:cover;--awb-width-large:25%;--awb-margin-top-large:0px;--awb-spacing-right-large:7.68%;--awb-margin-bottom-large:20px;--awb-spacing-left-large:7.68%;--awb-width-medium:100%;--awb-order-medium:0;--awb-spacing-right-medium:1.92%;--awb-spacing-left-medium:1.92%;--awb-width-small:100%;--awb-order-small:0;--awb-spacing-right-small:1.92%;--awb-spacing-left-small:1.92%;\"><div class=\"fusion-column-wrapper fusion-column-has-shadow fusion-flex-justify-content-flex-start fusion-content-layout-column\"><div class=\"md-text-align-center sm-text-align-center\" style=\"text-align:right;\"><a class=\"fusion-button button-flat fusion-button-default-size button-default fusion-button-default button-4 fusion-button-default-span fusion-button-default-type\" target=\"_self\" href=\"https:\/\/www.bse.u-bordeaux.fr\/en\/research-contracts\/\"><i class=\"fa-book fas awb-button__icon awb-button__icon--default button-icon-left\" aria-hidden=\"true\"><\/i><span class=\"fusion-button-text awb-button__text awb-button__text--default\">research contracts<\/span><\/a><\/div><\/div><\/div><\/div><\/div><div class=\"fusion-fullwidth fullwidth-box fusion-builder-row-3 nonhundred-percent-fullwidth non-hundred-percent-height-scrolling\" style=\"--awb-border-radius-top-left:0px;--awb-border-radius-top-right:0px;--awb-border-radius-bottom-right:0px;--awb-border-radius-bottom-left:0px;--awb-padding-top:30px;--awb-padding-bottom:30px;--awb-background-color:#dfe4ea;--awb-flex-wrap:wrap;\" ><div class=\"fusion-builder-row fusion-row\"><div class=\"fusion-layout-column fusion_builder_column fusion-builder-column-5 fusion_builder_column_1_2 1_2 fusion-one-half fusion-column-first\" style=\"--awb-bg-size:cover;width:50%;width:calc(50% - ( ( 4% ) * 0.5 ) );margin-right: 4%;\"><div class=\"fusion-column-wrapper fusion-column-has-shadow fusion-flex-column-wrapper-legacy\"><div class=\"fusion-text fusion-text-3 fusion-text-no-margin\" style=\"--awb-content-alignment:justify;--awb-text-transform:none;--awb-margin-top:20px;--awb-margin-bottom:50px;\"><p>The <b>EiHF &#8211; International Economics, History, Finance<\/b> program conducts research in international economics in its real, monetary, and financial dimensions. The program&#8217;s work focuses on <b>issues related to the globalization of economic and financial activities<\/b>, as well as its causes and consequences, particularly in terms of crises. It also aims to analyze how structural trade and financial trends are influenced by <b>contemporary technological and climate transitions<\/b>. Finally, this research applies to both industrialized and emerging countries.<\/p>\n<p>More specifically, the team studies the structural determinants of trade and capital flows. It uses a variety of data (countries, firms, sectors, products, regions) to understand the heterogeneity of responses to global shocks and trade policies. It analyzes banking and financial risks, prudential regulation, and the transmission of monetary policy to prices and households. Finally, it focuses on the behavior and structure of financial markets, sustainable finance, and various commodity sectors.<\/p>\n<p>Our research also focuses on issues related to the various transitions that economies are undergoing. Commodity markets, the wine sector, and the financial development of emerging countries serve as laboratories for studying the impact of <b>climate change<\/b> on international value chains, price dynamics, and financial stability. <b>The tokenization of assets and the digitization<\/b> <b>of transactions<\/b> are analyzed in light of the new vulnerabilities created in international trade and finance. <b>The growing geopolitical fragmentation<\/b> of economies is integrated into our work on commodities, trade, and the macroeconomics of emerging countries. These topical issues fuel the discussions at our annual workshop, the <b><i>Bordeaux Workshop in International Economics and Finance.<\/i><\/b><\/p>\n<\/div><div class=\"fusion-clearfix\"><\/div><\/div><\/div><div class=\"fusion-layout-column fusion_builder_column fusion-builder-column-6 fusion_builder_column_1_2 1_2 fusion-one-half fusion-column-last\" style=\"--awb-bg-size:cover;width:50%;width:calc(50% - ( ( 4% ) * 0.5 ) );\"><div class=\"fusion-column-wrapper fusion-column-has-shadow fusion-flex-column-wrapper-legacy\"><div class=\"fusion-text fusion-text-4 fusion-text-no-margin\" style=\"--awb-content-alignment:justify;--awb-text-transform:none;--awb-margin-top:20px;--awb-margin-bottom:50px;\"><p>Our work draws on a variety of methodological tools from both theoretical economics (macroeconomic modeling, DSGE, etc.) and applied economics (micro- and macro-econometrics, financial econometrics, gravity models, etc.), as well as a diverse range of databases (historical data, firms, households, banking and financial data, etc.). They develop identification strategies adapted to the endogenous challenges of contemporary transitions. The historical approach also enriches our understanding of long-term mechanisms and crises.<\/p>\n<p>The program brings together <b>20 researchers and teacher-researchers as well as some 20 doctoral students<\/b>. The team is part of French networks (GDRE MBF, AFSE, CHEFF, AFFI, etc.) as well as international networks (AAWE, EuAWE, INFER, etc.). It also maintains close ties with practitioners in banking, finance, trade, wine trade, and commodities.<\/p>\n<p style=\"text-align: center;\">\u00a0______________________<\/p>\n<p><i>Keywords for our research:<\/i><\/p>\n<table style=\"height: 192px;\" width=\"704\">\n<tbody>\n<tr>\n<td width=\"198\">\u00b7 International trade<\/td>\n<td width=\"227\">\u00b7 Financial markets<\/td>\n<td width=\"208\">\u00b7 Macroeconomic policies<\/td>\n<\/tr>\n<tr>\n<td width=\"198\">\u00b7 Geoeconomics<\/td>\n<td width=\"227\">\u00b7 Sustainable finance<\/td>\n<td width=\"208\">\u00b7 Risks and regulations<\/td>\n<\/tr>\n<tr>\n<td width=\"198\">\u00b7 Commodities<\/td>\n<td width=\"227\">\u00b7 Tokenization<\/td>\n<td width=\"208\">\u00b7 Climate change<\/td>\n<\/tr>\n<tr>\n<td width=\"198\">\u00b7 Emerging countries<\/td>\n<td width=\"227\">\u00b7 AI<\/td>\n<td width=\"208\">\u00b7 Economic history<\/td>\n<\/tr>\n<tr>\n<td width=\"198\">\u00b7 Wine economics<\/td>\n<td width=\"227\"><\/td>\n<td width=\"208\"><\/td>\n<\/tr>\n<\/tbody>\n<\/table>\n<\/div><div class=\"fusion-clearfix\"><\/div><\/div><\/div><div class=\"fusion-layout-column fusion_builder_column fusion-builder-column-7 fusion_builder_column_1_4 1_4 fusion-one-fourth fusion-column-first\" style=\"--awb-bg-size:cover;width:25%;width:calc(25% - ( ( 4% + 4% ) * 0.25 ) );margin-right: 4%;\"><div class=\"fusion-column-wrapper fusion-column-has-shadow fusion-flex-column-wrapper-legacy\"><div class=\"fusion-clearfix\"><\/div><\/div><\/div><div class=\"fusion-layout-column fusion_builder_column fusion-builder-column-8 fusion_builder_column_1_2 1_2 fusion-one-half\" style=\"--awb-bg-size:cover;width:50%;width:calc(50% - ( ( 4% + 4% ) * 0.5 ) );margin-right: 4%;\"><div class=\"fusion-column-wrapper fusion-column-has-shadow fusion-flex-column-wrapper-legacy\"><div class=\"fusion-widget fusion-widget-element fusion-widget-area fusion-content-widget-area wpWidget-1 wp_widget_media_video\" style=\"--awb-fusion-border-size:0px;--awb-fusion-border-style:solid;\"><div class=\"widget widget_media_video\"><div style=\"width:100%;\" class=\"wp-video\"><video class=\"wp-video-shortcode\" id=\"video-12669-1\" preload=\"metadata\" controls=\"controls\"><source type=\"video\/youtube\" src=\"https:\/\/youtu.be\/-o37_aYefvE?si=Jlz-IhN-dptAu8qB&#038;_=1\" \/><a href=\"https:\/\/youtu.be\/-o37_aYefvE?si=Jlz-IhN-dptAu8qB\">https:\/\/youtu.be\/-o37_aYefvE?si=Jlz-IhN-dptAu8qB<\/a><\/video><\/div><\/div><\/div><div class=\"fusion-clearfix\"><\/div><\/div><\/div><div class=\"fusion-layout-column fusion_builder_column fusion-builder-column-9 fusion_builder_column_1_4 1_4 fusion-one-fourth fusion-column-last\" style=\"--awb-bg-size:cover;width:25%;width:calc(25% - ( ( 4% + 4% ) * 0.25 ) );\"><div class=\"fusion-column-wrapper fusion-column-has-shadow fusion-flex-column-wrapper-legacy\"><div class=\"fusion-clearfix\"><\/div><\/div><\/div><div class=\"fusion-layout-column fusion_builder_column fusion-builder-column-10 fusion_builder_column_1_1 1_1 fusion-one-full fusion-column-first fusion-column-last\" style=\"--awb-bg-size:cover;\"><div class=\"fusion-column-wrapper fusion-column-has-shadow fusion-flex-column-wrapper-legacy\"><div class=\"fusion-alignright\"><a class=\"fusion-button button-flat fusion-button-default-size button-default fusion-button-default button-5 fusion-button-default-span fusion-button-default-type\" target=\"_self\" href=\"https:\/\/www.bse.u-bordeaux.fr\/en\/research-programmes\/\"><span class=\"fusion-button-text awb-button__text awb-button__text--default\">&gt; RESEARCH PROGRAMMES<\/span><\/a><\/div><div class=\"fusion-clearfix\"><\/div><\/div><\/div><\/div><\/div><\/p>\n","protected":false},"excerpt":{"rendered":"","protected":false},"author":5,"featured_media":0,"parent":12804,"menu_order":0,"comment_status":"closed","ping_status":"closed","template":"100-width.php","meta":{"_monsterinsights_skip_tracking":false,"_monsterinsights_sitenote_active":false,"_monsterinsights_sitenote_note":"","_monsterinsights_sitenote_category":0,"footnotes":""},"class_list":["post-12669","page","type-page","status-publish","hentry"],"yoast_head":"<!-- This site is optimized with the Yoast SEO plugin v27.4 - https:\/\/yoast.com\/product\/yoast-seo-wordpress\/ -->\n<title>PROGRAMME 4 (EIHF) | BxSE<\/title>\n<meta name=\"robots\" content=\"index, follow, max-snippet:-1, max-image-preview:large, max-video-preview:-1\" \/>\n<link rel=\"canonical\" href=\"https:\/\/www.bse.u-bordeaux.fr\/en\/research-programmes\/programme-4-eihf\/\" \/>\n<meta property=\"og:locale\" content=\"en_US\" \/>\n<meta property=\"og:type\" content=\"article\" \/>\n<meta property=\"og:title\" content=\"PROGRAMME 4 (EIHF) | BxSE\" \/>\n<meta property=\"og:url\" content=\"https:\/\/www.bse.u-bordeaux.fr\/en\/research-programmes\/programme-4-eihf\/\" \/>\n<meta property=\"og:site_name\" content=\"BxSE\" \/>\n<meta property=\"article:modified_time\" content=\"2026-02-19T16:01:19+00:00\" \/>\n<meta property=\"og:image\" content=\"https:\/\/www.bse.u-bordeaux.fr\/wp-content\/uploads\/2024\/10\/logo-BSE.jpg\" \/>\n\t<meta property=\"og:image:width\" content=\"1200\" \/>\n\t<meta property=\"og:image:height\" content=\"675\" \/>\n\t<meta property=\"og:image:type\" content=\"image\/jpeg\" \/>\n<meta name=\"twitter:card\" content=\"summary_large_image\" \/>\n<script type=\"application\/ld+json\" class=\"yoast-schema-graph\">{\"@context\":\"https:\\\/\\\/schema.org\",\"@graph\":[{\"@type\":\"WebPage\",\"@id\":\"https:\\\/\\\/www.bse.u-bordeaux.fr\\\/en\\\/research-programmes\\\/programme-4-eihf\\\/\",\"url\":\"https:\\\/\\\/www.bse.u-bordeaux.fr\\\/en\\\/research-programmes\\\/programme-4-eihf\\\/\",\"name\":\"PROGRAMME 4 (EIHF) | BxSE\",\"isPartOf\":{\"@id\":\"https:\\\/\\\/www.bse.u-bordeaux.fr\\\/en\\\/#website\"},\"datePublished\":\"2022-01-24T19:34:14+00:00\",\"dateModified\":\"2026-02-19T16:01:19+00:00\",\"breadcrumb\":{\"@id\":\"https:\\\/\\\/www.bse.u-bordeaux.fr\\\/en\\\/research-programmes\\\/programme-4-eihf\\\/#breadcrumb\"},\"inLanguage\":\"en-US\",\"potentialAction\":[{\"@type\":\"ReadAction\",\"target\":[\"https:\\\/\\\/www.bse.u-bordeaux.fr\\\/en\\\/research-programmes\\\/programme-4-eihf\\\/\"]}]},{\"@type\":\"BreadcrumbList\",\"@id\":\"https:\\\/\\\/www.bse.u-bordeaux.fr\\\/en\\\/research-programmes\\\/programme-4-eihf\\\/#breadcrumb\",\"itemListElement\":[{\"@type\":\"ListItem\",\"position\":1,\"name\":\"Accueil\",\"item\":\"https:\\\/\\\/www.bse.u-bordeaux.fr\\\/en\\\/\"},{\"@type\":\"ListItem\",\"position\":2,\"name\":\"RESEARCH PROGRAMMES\",\"item\":\"https:\\\/\\\/www.bse.u-bordeaux.fr\\\/en\\\/research-programmes\\\/\"},{\"@type\":\"ListItem\",\"position\":3,\"name\":\"PROGRAMME 4 (EIHF)\"}]},{\"@type\":\"WebSite\",\"@id\":\"https:\\\/\\\/www.bse.u-bordeaux.fr\\\/en\\\/#website\",\"url\":\"https:\\\/\\\/www.bse.u-bordeaux.fr\\\/en\\\/\",\"name\":\"Bordeaux Sciences \u00c9conomiques - Universit\u00e9 de Bordeaux\",\"description\":\"Bordeaux Sciences \u00c9conomiques \\\/ Bordeaux School of Economics\",\"publisher\":{\"@id\":\"https:\\\/\\\/www.bse.u-bordeaux.fr\\\/en\\\/#organization\"},\"alternateName\":\"BSE - Universit\u00e9 de Bordeaux\",\"potentialAction\":[{\"@type\":\"SearchAction\",\"target\":{\"@type\":\"EntryPoint\",\"urlTemplate\":\"https:\\\/\\\/www.bse.u-bordeaux.fr\\\/en\\\/?s={search_term_string}\"},\"query-input\":{\"@type\":\"PropertyValueSpecification\",\"valueRequired\":true,\"valueName\":\"search_term_string\"}}],\"inLanguage\":\"en-US\"},{\"@type\":\"Organization\",\"@id\":\"https:\\\/\\\/www.bse.u-bordeaux.fr\\\/en\\\/#organization\",\"name\":\"BSE - Universit\u00e9 de Bordeaux\",\"url\":\"https:\\\/\\\/www.bse.u-bordeaux.fr\\\/en\\\/\",\"logo\":{\"@type\":\"ImageObject\",\"inLanguage\":\"en-US\",\"@id\":\"https:\\\/\\\/www.bse.u-bordeaux.fr\\\/en\\\/#\\\/schema\\\/logo\\\/image\\\/\",\"url\":\"https:\\\/\\\/www.bse.u-bordeaux.fr\\\/wp-content\\\/uploads\\\/2021\\\/11\\\/BSE-logo-menu.png\",\"contentUrl\":\"https:\\\/\\\/www.bse.u-bordeaux.fr\\\/wp-content\\\/uploads\\\/2021\\\/11\\\/BSE-logo-menu.png\",\"width\":190,\"height\":188,\"caption\":\"BSE - Universit\u00e9 de Bordeaux\"},\"image\":{\"@id\":\"https:\\\/\\\/www.bse.u-bordeaux.fr\\\/en\\\/#\\\/schema\\\/logo\\\/image\\\/\"},\"sameAs\":[\"https:\\\/\\\/www.linkedin.com\\\/company\\\/bse-bordeaux-sciences-economiques\\\/\",\"https:\\\/\\\/www.youtube.com\\\/@bsebordeauxscienceseconomi2508\\\/videos\"]}]}<\/script>\n<!-- \/ Yoast SEO plugin. -->","yoast_head_json":{"title":"PROGRAMME 4 (EIHF) | BxSE","robots":{"index":"index","follow":"follow","max-snippet":"max-snippet:-1","max-image-preview":"max-image-preview:large","max-video-preview":"max-video-preview:-1"},"canonical":"https:\/\/www.bse.u-bordeaux.fr\/en\/research-programmes\/programme-4-eihf\/","og_locale":"en_US","og_type":"article","og_title":"PROGRAMME 4 (EIHF) | BxSE","og_url":"https:\/\/www.bse.u-bordeaux.fr\/en\/research-programmes\/programme-4-eihf\/","og_site_name":"BxSE","article_modified_time":"2026-02-19T16:01:19+00:00","og_image":[{"width":1200,"height":675,"url":"https:\/\/www.bse.u-bordeaux.fr\/wp-content\/uploads\/2024\/10\/logo-BSE.jpg","type":"image\/jpeg"}],"twitter_card":"summary_large_image","schema":{"@context":"https:\/\/schema.org","@graph":[{"@type":"WebPage","@id":"https:\/\/www.bse.u-bordeaux.fr\/en\/research-programmes\/programme-4-eihf\/","url":"https:\/\/www.bse.u-bordeaux.fr\/en\/research-programmes\/programme-4-eihf\/","name":"PROGRAMME 4 (EIHF) | BxSE","isPartOf":{"@id":"https:\/\/www.bse.u-bordeaux.fr\/en\/#website"},"datePublished":"2022-01-24T19:34:14+00:00","dateModified":"2026-02-19T16:01:19+00:00","breadcrumb":{"@id":"https:\/\/www.bse.u-bordeaux.fr\/en\/research-programmes\/programme-4-eihf\/#breadcrumb"},"inLanguage":"en-US","potentialAction":[{"@type":"ReadAction","target":["https:\/\/www.bse.u-bordeaux.fr\/en\/research-programmes\/programme-4-eihf\/"]}]},{"@type":"BreadcrumbList","@id":"https:\/\/www.bse.u-bordeaux.fr\/en\/research-programmes\/programme-4-eihf\/#breadcrumb","itemListElement":[{"@type":"ListItem","position":1,"name":"Accueil","item":"https:\/\/www.bse.u-bordeaux.fr\/en\/"},{"@type":"ListItem","position":2,"name":"RESEARCH PROGRAMMES","item":"https:\/\/www.bse.u-bordeaux.fr\/en\/research-programmes\/"},{"@type":"ListItem","position":3,"name":"PROGRAMME 4 (EIHF)"}]},{"@type":"WebSite","@id":"https:\/\/www.bse.u-bordeaux.fr\/en\/#website","url":"https:\/\/www.bse.u-bordeaux.fr\/en\/","name":"Bordeaux Sciences \u00c9conomiques - Universit\u00e9 de Bordeaux","description":"Bordeaux Sciences \u00c9conomiques \/ Bordeaux School of Economics","publisher":{"@id":"https:\/\/www.bse.u-bordeaux.fr\/en\/#organization"},"alternateName":"BSE - Universit\u00e9 de Bordeaux","potentialAction":[{"@type":"SearchAction","target":{"@type":"EntryPoint","urlTemplate":"https:\/\/www.bse.u-bordeaux.fr\/en\/?s={search_term_string}"},"query-input":{"@type":"PropertyValueSpecification","valueRequired":true,"valueName":"search_term_string"}}],"inLanguage":"en-US"},{"@type":"Organization","@id":"https:\/\/www.bse.u-bordeaux.fr\/en\/#organization","name":"BSE - Universit\u00e9 de Bordeaux","url":"https:\/\/www.bse.u-bordeaux.fr\/en\/","logo":{"@type":"ImageObject","inLanguage":"en-US","@id":"https:\/\/www.bse.u-bordeaux.fr\/en\/#\/schema\/logo\/image\/","url":"https:\/\/www.bse.u-bordeaux.fr\/wp-content\/uploads\/2021\/11\/BSE-logo-menu.png","contentUrl":"https:\/\/www.bse.u-bordeaux.fr\/wp-content\/uploads\/2021\/11\/BSE-logo-menu.png","width":190,"height":188,"caption":"BSE - Universit\u00e9 de Bordeaux"},"image":{"@id":"https:\/\/www.bse.u-bordeaux.fr\/en\/#\/schema\/logo\/image\/"},"sameAs":["https:\/\/www.linkedin.com\/company\/bse-bordeaux-sciences-economiques\/","https:\/\/www.youtube.com\/@bsebordeauxscienceseconomi2508\/videos"]}]}},"_links":{"self":[{"href":"https:\/\/www.bse.u-bordeaux.fr\/en\/wp-json\/wp\/v2\/pages\/12669","targetHints":{"allow":["GET"]}}],"collection":[{"href":"https:\/\/www.bse.u-bordeaux.fr\/en\/wp-json\/wp\/v2\/pages"}],"about":[{"href":"https:\/\/www.bse.u-bordeaux.fr\/en\/wp-json\/wp\/v2\/types\/page"}],"author":[{"embeddable":true,"href":"https:\/\/www.bse.u-bordeaux.fr\/en\/wp-json\/wp\/v2\/users\/5"}],"replies":[{"embeddable":true,"href":"https:\/\/www.bse.u-bordeaux.fr\/en\/wp-json\/wp\/v2\/comments?post=12669"}],"version-history":[{"count":4,"href":"https:\/\/www.bse.u-bordeaux.fr\/en\/wp-json\/wp\/v2\/pages\/12669\/revisions"}],"predecessor-version":[{"id":25881,"href":"https:\/\/www.bse.u-bordeaux.fr\/en\/wp-json\/wp\/v2\/pages\/12669\/revisions\/25881"}],"up":[{"embeddable":true,"href":"https:\/\/www.bse.u-bordeaux.fr\/en\/wp-json\/wp\/v2\/pages\/12804"}],"wp:attachment":[{"href":"https:\/\/www.bse.u-bordeaux.fr\/en\/wp-json\/wp\/v2\/media?parent=12669"}],"curies":[{"name":"wp","href":"https:\/\/api.w.org\/{rel}","templated":true}]}}