{"id":15450,"date":"2022-10-06T16:53:21","date_gmt":"2022-10-06T14:53:21","guid":{"rendered":"https:\/\/www.bse.u-bordeaux.fr\/?page_id=15450"},"modified":"2026-02-18T17:22:39","modified_gmt":"2026-02-18T16:22:39","slug":"bordeaux-sciences-economique-bordeaux-school-of-economics-en","status":"publish","type":"page","link":"https:\/\/www.bse.u-bordeaux.fr\/en\/","title":{"rendered":"Bordeaux Sciences \u00c9conomique \/ Bordeaux School of Economics EN"},"content":{"rendered":"<div class=\"fusion-fullwidth fullwidth-box fusion-builder-row-1 fusion-flex-container has-pattern-background has-mask-background nonhundred-percent-fullwidth non-hundred-percent-height-scrolling\" style=\"--awb-border-radius-top-left:0px;--awb-border-radius-top-right:0px;--awb-border-radius-bottom-right:0px;--awb-border-radius-bottom-left:0px;--awb-flex-wrap:wrap;\" ><div class=\"fusion-builder-row fusion-row fusion-flex-align-items-flex-start fusion-flex-content-wrap\" style=\"max-width:1352px;margin-left: calc(-4% \/ 2 );margin-right: calc(-4% \/ 2 );\"><div class=\"fusion-layout-column fusion_builder_column fusion-builder-column-0 fusion_builder_column_1_3 1_3 fusion-flex-column\" style=\"--awb-bg-color:var(--awb-color1);--awb-bg-color-hover:var(--awb-color1);--awb-bg-size:cover;--awb-width-large:33.333333333333%;--awb-margin-top-large:0px;--awb-spacing-right-large:5.76%;--awb-margin-bottom-large:-50px;--awb-spacing-left-large:5.76%;--awb-width-medium:100%;--awb-order-medium:0;--awb-spacing-right-medium:14.4%;--awb-spacing-left-medium:14.4%;--awb-width-small:100%;--awb-order-small:2;--awb-spacing-right-small:7.68%;--awb-spacing-left-small:7.68%;\"><div class=\"fusion-column-wrapper fusion-column-has-shadow fusion-flex-justify-content-flex-start fusion-content-layout-column\"><div class=\"fusion-reading-box-container reading-box-container-1\" style=\"--awb-title-color:#19255b;--awb-margin-top:0px;--awb-margin-bottom:30px;\"><div class=\"reading-box reading-box-center\" style=\"background-color:var(--awb-color3);border-width:0px;border-color:#ffffff;border-top-width:3px;border-top-color:var(--primary_color);border-style:solid;padding-right:20px;padding-left:20px;\"><h2>PUBLICATIONS<\/h2><div class=\"reading-box-additional fusion-reading-box-additional\">\n<p><img decoding=\"async\" class=\"alignnone wp-image-16219\" src=\"https:\/\/www.bse.u-bordeaux.fr\/wp-content\/uploads\/2022\/12\/Mon-projet-4.png\" alt=\"\" width=\"66\" height=\"70\" srcset=\"https:\/\/www.bse.u-bordeaux.fr\/wp-content\/uploads\/2022\/12\/Mon-projet-4-200x212.png 200w, https:\/\/www.bse.u-bordeaux.fr\/wp-content\/uploads\/2022\/12\/Mon-projet-4-283x300.png 283w, https:\/\/www.bse.u-bordeaux.fr\/wp-content\/uploads\/2022\/12\/Mon-projet-4-400x425.png 400w, https:\/\/www.bse.u-bordeaux.fr\/wp-content\/uploads\/2022\/12\/Mon-projet-4.png 505w\" sizes=\"(max-width: 66px) 100vw, 66px\" \/><\/p>\n<p>The latest publications<\/p>\n<\/div><div class=\"fusion-clearfix\"><\/div><a class=\"button fusion-button button-default fusion-button-small button-small button-flat fusion-mobile-button continue-center\" style=\"-webkit-box-shadow:none;-moz-box-shadow:none;box-shadow:none;border-radius:3px 3px 3px 3px\" href=\"https:\/\/www.bse.u-bordeaux.fr\/publications\/publications-bse\/\" target=\"_self\"><span>VIEW MORE<\/span><\/a><\/div><svg style=\"opacity:0.40;\" xmlns=\"http:\/\/www.w3.org\/2000\/svg\" version=\"1.1\" width=\"100%\" viewBox=\"0 0 600 28\" preserveAspectRatio=\"none\"><g clip-path=\"url(#a)\"><mask id=\"b\" style=\"mask-type:luminance\" maskUnits=\"userSpaceOnUse\" x=\"0\" y=\"0\" width=\"600\" height=\"28\"><path d=\"M0 0h600v28H0V0Z\" fill=\"#fff\"\/><\/mask><g filter=\"url(#c)\" mask=\"url(#b)\"><path d=\"M16.439-18.667h567.123v30.8S438.961-8.4 300-8.4C161.04-8.4 16.438 12.133 16.438 12.133v-30.8Z\" fill=\"#000\"\/><\/g><\/g><defs><clipPath id=\"a\"><path fill=\"#fff\" d=\"M0 0h600v28H0z\"\/><\/clipPath><filter id=\"c\" x=\"5.438\" y=\"-29.667\" width=\"589.123\" height=\"52.8\" filterUnits=\"userSpaceOnUse\" color-interpolation-filters=\"sRGB\"><feFlood flood-opacity=\"0\" result=\"BackgroundImageFix\"\/><feBlend in=\"SourceGraphic\" in2=\"BackgroundImageFix\" result=\"shape\"\/><feGaussianBlur stdDeviation=\"5.5\" result=\"effect1_foregroundBlur_3983_183\"\/><\/filter><\/defs><\/svg><\/div><\/div><\/div><div class=\"fusion-layout-column fusion_builder_column fusion-builder-column-1 fusion_builder_column_1_3 1_3 fusion-flex-column\" style=\"--awb-bg-color:var(--awb-color1);--awb-bg-color-hover:var(--awb-color1);--awb-bg-size:cover;--awb-width-large:33.333333333333%;--awb-margin-top-large:0px;--awb-spacing-right-large:5.76%;--awb-margin-bottom-large:-50px;--awb-spacing-left-large:5.76%;--awb-width-medium:100%;--awb-order-medium:0;--awb-spacing-right-medium:14.4%;--awb-spacing-left-medium:14.4%;--awb-width-small:100%;--awb-order-small:2;--awb-spacing-right-small:7.68%;--awb-spacing-left-small:7.68%;\"><div class=\"fusion-column-wrapper fusion-column-has-shadow fusion-flex-justify-content-flex-start fusion-content-layout-column\"><div class=\"fusion-reading-box-container reading-box-container-2\" style=\"--awb-title-color:#19255b;--awb-margin-top:0px;--awb-margin-bottom:30px;\"><div class=\"reading-box reading-box-center\" style=\"background-color:var(--awb-color3);border-width:0px;border-color:#ffffff;border-top-width:3px;border-top-color:var(--primary_color);border-style:solid;padding-right:20px;padding-left:20px;\"><h2>RESEARCH<\/h2><div class=\"reading-box-additional fusion-reading-box-additional\">\n<div><img decoding=\"async\" class=\"alignnone wp-image-15441\" src=\"https:\/\/www.bse.u-bordeaux.fr\/wp-content\/uploads\/2022\/10\/3.png\" alt=\"\" width=\"90\" height=\"90\" srcset=\"https:\/\/www.bse.u-bordeaux.fr\/wp-content\/uploads\/2022\/10\/3-66x66.png 66w, https:\/\/www.bse.u-bordeaux.fr\/wp-content\/uploads\/2022\/10\/3.png 130w\" sizes=\"(max-width: 90px) 100vw, 90px\" \/><br \/>\nThrough research in economics and in association with other disciplines, we aim to make a significant contribution to major contemporary societal issues.<\/div>\n<\/div><div class=\"fusion-clearfix\"><\/div><a class=\"button fusion-button button-default fusion-button-small button-small button-flat fusion-mobile-button continue-center\" style=\"-webkit-box-shadow:none;-moz-box-shadow:none;box-shadow:none;border-radius:3px 3px 3px 3px\" href=\"https:\/\/www.bse.u-bordeaux.fr\/en\/research-programmes\/\" target=\"_self\"><span>VIEW MORE<\/span><\/a><\/div><svg style=\"opacity:0.40;\" xmlns=\"http:\/\/www.w3.org\/2000\/svg\" version=\"1.1\" width=\"100%\" viewBox=\"0 0 600 28\" preserveAspectRatio=\"none\"><g clip-path=\"url(#a)\"><mask id=\"b\" style=\"mask-type:luminance\" maskUnits=\"userSpaceOnUse\" x=\"0\" y=\"0\" width=\"600\" height=\"28\"><path d=\"M0 0h600v28H0V0Z\" fill=\"#fff\"\/><\/mask><g filter=\"url(#c)\" mask=\"url(#b)\"><path d=\"M16.439-18.667h567.123v30.8S438.961-8.4 300-8.4C161.04-8.4 16.438 12.133 16.438 12.133v-30.8Z\" fill=\"#000\"\/><\/g><\/g><defs><clipPath id=\"a\"><path fill=\"#fff\" d=\"M0 0h600v28H0z\"\/><\/clipPath><filter id=\"c\" x=\"5.438\" y=\"-29.667\" width=\"589.123\" height=\"52.8\" filterUnits=\"userSpaceOnUse\" color-interpolation-filters=\"sRGB\"><feFlood flood-opacity=\"0\" result=\"BackgroundImageFix\"\/><feBlend in=\"SourceGraphic\" in2=\"BackgroundImageFix\" result=\"shape\"\/><feGaussianBlur stdDeviation=\"5.5\" result=\"effect1_foregroundBlur_3983_183\"\/><\/filter><\/defs><\/svg><\/div><\/div><\/div><div class=\"fusion-layout-column fusion_builder_column fusion-builder-column-2 fusion_builder_column_1_3 1_3 fusion-flex-column\" style=\"--awb-bg-size:cover;--awb-width-large:33.333333333333%;--awb-margin-top-large:0px;--awb-spacing-right-large:5.76%;--awb-margin-bottom-large:20px;--awb-spacing-left-large:5.76%;--awb-width-medium:100%;--awb-order-medium:0;--awb-spacing-right-medium:14.4%;--awb-spacing-left-medium:14.4%;--awb-width-small:100%;--awb-order-small:2;--awb-spacing-right-small:7.68%;--awb-spacing-left-small:7.68%;\"><div class=\"fusion-column-wrapper fusion-column-has-shadow fusion-flex-justify-content-flex-start fusion-content-layout-column\"><div class=\"fusion-reading-box-container reading-box-container-3\" style=\"--awb-title-color:#19255b;--awb-margin-top:0px;--awb-margin-bottom:30px;\"><div class=\"reading-box reading-box-center\" style=\"background-color:var(--awb-color3);border-width:0px;border-color:#ffffff;border-top-width:3px;border-top-color:var(--primary_color);border-style:solid;padding-right:20px;padding-left:20px;\"><h2>MAJOR RESEARCH PROGRAMMES<\/h2><div class=\"reading-box-additional fusion-reading-box-additional\">\n<div><img decoding=\"async\" class=\"alignnone wp-image-15437\" src=\"https:\/\/www.bse.u-bordeaux.fr\/wp-content\/uploads\/2022\/10\/2.png\" alt=\"\" width=\"102\" height=\"102\" \/><br \/>\n<b>Major Research Programmes<\/b> labelled by the\u00a0University of Bordeaux: <strong>HOPE<\/strong> et <strong>IPORA<\/strong>.<\/div>\n<\/div><div class=\"fusion-clearfix\"><\/div><a class=\"button fusion-button button-default fusion-button-small button-small button-flat fusion-mobile-button continue-center\" style=\"-webkit-box-shadow:none;-moz-box-shadow:none;box-shadow:none;border-radius:3px 3px 3px 3px\" href=\"https:\/\/www.bse.u-bordeaux.fr\/grands-programmes-de-recherche-hope-ipora\/\" target=\"_self\"><span>VIEW MORE<\/span><\/a><\/div><svg style=\"opacity:0.40;\" xmlns=\"http:\/\/www.w3.org\/2000\/svg\" version=\"1.1\" width=\"100%\" viewBox=\"0 0 600 28\" preserveAspectRatio=\"none\"><g clip-path=\"url(#a)\"><mask id=\"b\" style=\"mask-type:luminance\" maskUnits=\"userSpaceOnUse\" x=\"0\" y=\"0\" width=\"600\" height=\"28\"><path d=\"M0 0h600v28H0V0Z\" fill=\"#fff\"\/><\/mask><g filter=\"url(#c)\" mask=\"url(#b)\"><path d=\"M16.439-18.667h567.123v30.8S438.961-8.4 300-8.4C161.04-8.4 16.438 12.133 16.438 12.133v-30.8Z\" fill=\"#000\"\/><\/g><\/g><defs><clipPath id=\"a\"><path fill=\"#fff\" d=\"M0 0h600v28H0z\"\/><\/clipPath><filter id=\"c\" x=\"5.438\" y=\"-29.667\" width=\"589.123\" height=\"52.8\" filterUnits=\"userSpaceOnUse\" color-interpolation-filters=\"sRGB\"><feFlood flood-opacity=\"0\" result=\"BackgroundImageFix\"\/><feBlend in=\"SourceGraphic\" in2=\"BackgroundImageFix\" result=\"shape\"\/><feGaussianBlur stdDeviation=\"5.5\" result=\"effect1_foregroundBlur_3983_183\"\/><\/filter><\/defs><\/svg><\/div><\/div><\/div><\/div><\/div>\n","protected":false},"excerpt":{"rendered":"","protected":false},"author":8,"featured_media":0,"parent":0,"menu_order":0,"comment_status":"closed","ping_status":"closed","template":"","meta":{"_monsterinsights_skip_tracking":false,"_monsterinsights_sitenote_active":false,"_monsterinsights_sitenote_note":"","_monsterinsights_sitenote_category":0,"footnotes":""},"class_list":["post-15450","page","type-page","status-publish","hentry"],"yoast_head":"<!-- This site is optimized with the Yoast SEO plugin v27.4 - https:\/\/yoast.com\/product\/yoast-seo-wordpress\/ -->\n<title>BxSE Bordeaux Sciences \u00c9conomiques \/ Bordeaux School of Economics<\/title>\n<meta name=\"description\" content=\"The BxSE is a joint CNRS - University of Bordeaux research unit. It brings together the main research forces in economics in the Bordeaux area.\" \/>\n<meta name=\"robots\" content=\"index, follow, max-snippet:-1, max-image-preview:large, max-video-preview:-1\" \/>\n<link rel=\"canonical\" href=\"https:\/\/www.bse.u-bordeaux.fr\/en\/\" \/>\n<meta property=\"og:locale\" content=\"en_US\" \/>\n<meta property=\"og:type\" content=\"article\" \/>\n<meta property=\"og:title\" content=\"BxSE Bordeaux Sciences \u00c9conomiques \/ Bordeaux School of Economics\" \/>\n<meta property=\"og:description\" content=\"The BxSE is a joint CNRS - University of Bordeaux research unit. It brings together the main research forces in economics in the Bordeaux area.\" \/>\n<meta property=\"og:url\" content=\"https:\/\/www.bse.u-bordeaux.fr\/en\/\" \/>\n<meta property=\"og:site_name\" content=\"BxSE\" \/>\n<meta property=\"article:modified_time\" content=\"2026-02-18T16:22:39+00:00\" \/>\n<meta property=\"og:image\" content=\"https:\/\/www.bse.u-bordeaux.fr\/wp-content\/uploads\/2022\/12\/Mon-projet-4.png\" \/>\n\t<meta property=\"og:image:width\" content=\"505\" \/>\n\t<meta property=\"og:image:height\" content=\"536\" \/>\n\t<meta property=\"og:image:type\" content=\"image\/png\" \/>\n<meta name=\"twitter:card\" content=\"summary_large_image\" \/>\n<meta name=\"twitter:label1\" content=\"Est. reading time\" \/>\n\t<meta name=\"twitter:data1\" content=\"1 minute\" \/>\n<script type=\"application\/ld+json\" class=\"yoast-schema-graph\">{\"@context\":\"https:\\\/\\\/schema.org\",\"@graph\":[{\"@type\":\"WebPage\",\"@id\":\"https:\\\/\\\/www.bse.u-bordeaux.fr\\\/en\\\/\",\"url\":\"https:\\\/\\\/www.bse.u-bordeaux.fr\\\/en\\\/\",\"name\":\"BxSE Bordeaux Sciences \u00c9conomiques \\\/ Bordeaux School of Economics\",\"isPartOf\":{\"@id\":\"https:\\\/\\\/www.bse.u-bordeaux.fr\\\/en\\\/#website\"},\"primaryImageOfPage\":{\"@id\":\"https:\\\/\\\/www.bse.u-bordeaux.fr\\\/en\\\/#primaryimage\"},\"image\":{\"@id\":\"https:\\\/\\\/www.bse.u-bordeaux.fr\\\/en\\\/#primaryimage\"},\"thumbnailUrl\":\"https:\\\/\\\/www.bse.u-bordeaux.fr\\\/wp-content\\\/uploads\\\/2022\\\/12\\\/Mon-projet-4.png\",\"datePublished\":\"2022-10-06T14:53:21+00:00\",\"dateModified\":\"2026-02-18T16:22:39+00:00\",\"description\":\"The BxSE is a joint CNRS - University of Bordeaux research unit. It brings together the main research forces in economics in the Bordeaux area.\",\"breadcrumb\":{\"@id\":\"https:\\\/\\\/www.bse.u-bordeaux.fr\\\/en\\\/#breadcrumb\"},\"inLanguage\":\"en-US\",\"potentialAction\":[{\"@type\":\"ReadAction\",\"target\":[\"https:\\\/\\\/www.bse.u-bordeaux.fr\\\/en\\\/\"]}]},{\"@type\":\"ImageObject\",\"inLanguage\":\"en-US\",\"@id\":\"https:\\\/\\\/www.bse.u-bordeaux.fr\\\/en\\\/#primaryimage\",\"url\":\"https:\\\/\\\/www.bse.u-bordeaux.fr\\\/wp-content\\\/uploads\\\/2022\\\/12\\\/Mon-projet-4.png\",\"contentUrl\":\"https:\\\/\\\/www.bse.u-bordeaux.fr\\\/wp-content\\\/uploads\\\/2022\\\/12\\\/Mon-projet-4.png\"},{\"@type\":\"BreadcrumbList\",\"@id\":\"https:\\\/\\\/www.bse.u-bordeaux.fr\\\/en\\\/#breadcrumb\",\"itemListElement\":[{\"@type\":\"ListItem\",\"position\":1,\"name\":\"Accueil\",\"item\":\"https:\\\/\\\/www.bse.u-bordeaux.fr\\\/en\\\/\"},{\"@type\":\"ListItem\",\"position\":2,\"name\":\"Bordeaux Sciences \u00c9conomique \\\/ Bordeaux School of Economics EN\"}]},{\"@type\":\"WebSite\",\"@id\":\"https:\\\/\\\/www.bse.u-bordeaux.fr\\\/en\\\/#website\",\"url\":\"https:\\\/\\\/www.bse.u-bordeaux.fr\\\/en\\\/\",\"name\":\"Bordeaux Sciences \u00c9conomiques - Universit\u00e9 de Bordeaux\",\"description\":\"Bordeaux Sciences \u00c9conomiques \\\/ Bordeaux School of Economics\",\"publisher\":{\"@id\":\"https:\\\/\\\/www.bse.u-bordeaux.fr\\\/en\\\/#organization\"},\"alternateName\":\"BSE - Universit\u00e9 de Bordeaux\",\"potentialAction\":[{\"@type\":\"SearchAction\",\"target\":{\"@type\":\"EntryPoint\",\"urlTemplate\":\"https:\\\/\\\/www.bse.u-bordeaux.fr\\\/en\\\/?s={search_term_string}\"},\"query-input\":{\"@type\":\"PropertyValueSpecification\",\"valueRequired\":true,\"valueName\":\"search_term_string\"}}],\"inLanguage\":\"en-US\"},{\"@type\":\"Organization\",\"@id\":\"https:\\\/\\\/www.bse.u-bordeaux.fr\\\/en\\\/#organization\",\"name\":\"BSE - Universit\u00e9 de Bordeaux\",\"url\":\"https:\\\/\\\/www.bse.u-bordeaux.fr\\\/en\\\/\",\"logo\":{\"@type\":\"ImageObject\",\"inLanguage\":\"en-US\",\"@id\":\"https:\\\/\\\/www.bse.u-bordeaux.fr\\\/en\\\/#\\\/schema\\\/logo\\\/image\\\/\",\"url\":\"https:\\\/\\\/www.bse.u-bordeaux.fr\\\/wp-content\\\/uploads\\\/2021\\\/11\\\/BSE-logo-menu.png\",\"contentUrl\":\"https:\\\/\\\/www.bse.u-bordeaux.fr\\\/wp-content\\\/uploads\\\/2021\\\/11\\\/BSE-logo-menu.png\",\"width\":190,\"height\":188,\"caption\":\"BSE - Universit\u00e9 de Bordeaux\"},\"image\":{\"@id\":\"https:\\\/\\\/www.bse.u-bordeaux.fr\\\/en\\\/#\\\/schema\\\/logo\\\/image\\\/\"},\"sameAs\":[\"https:\\\/\\\/www.linkedin.com\\\/company\\\/bse-bordeaux-sciences-economiques\\\/\",\"https:\\\/\\\/www.youtube.com\\\/@bsebordeauxscienceseconomi2508\\\/videos\"]}]}<\/script>\n<!-- \/ Yoast SEO plugin. -->","yoast_head_json":{"title":"BxSE Bordeaux Sciences \u00c9conomiques \/ Bordeaux School of Economics","description":"The BxSE is a joint CNRS - University of Bordeaux research unit. It brings together the main research forces in economics in the Bordeaux area.","robots":{"index":"index","follow":"follow","max-snippet":"max-snippet:-1","max-image-preview":"max-image-preview:large","max-video-preview":"max-video-preview:-1"},"canonical":"https:\/\/www.bse.u-bordeaux.fr\/en\/","og_locale":"en_US","og_type":"article","og_title":"BxSE Bordeaux Sciences \u00c9conomiques \/ Bordeaux School of Economics","og_description":"The BxSE is a joint CNRS - University of Bordeaux research unit. It brings together the main research forces in economics in the Bordeaux area.","og_url":"https:\/\/www.bse.u-bordeaux.fr\/en\/","og_site_name":"BxSE","article_modified_time":"2026-02-18T16:22:39+00:00","og_image":[{"width":505,"height":536,"url":"https:\/\/www.bse.u-bordeaux.fr\/wp-content\/uploads\/2022\/12\/Mon-projet-4.png","type":"image\/png"}],"twitter_card":"summary_large_image","twitter_misc":{"Est. reading time":"1 minute"},"schema":{"@context":"https:\/\/schema.org","@graph":[{"@type":"WebPage","@id":"https:\/\/www.bse.u-bordeaux.fr\/en\/","url":"https:\/\/www.bse.u-bordeaux.fr\/en\/","name":"BxSE Bordeaux Sciences \u00c9conomiques \/ Bordeaux School of Economics","isPartOf":{"@id":"https:\/\/www.bse.u-bordeaux.fr\/en\/#website"},"primaryImageOfPage":{"@id":"https:\/\/www.bse.u-bordeaux.fr\/en\/#primaryimage"},"image":{"@id":"https:\/\/www.bse.u-bordeaux.fr\/en\/#primaryimage"},"thumbnailUrl":"https:\/\/www.bse.u-bordeaux.fr\/wp-content\/uploads\/2022\/12\/Mon-projet-4.png","datePublished":"2022-10-06T14:53:21+00:00","dateModified":"2026-02-18T16:22:39+00:00","description":"The BxSE is a joint CNRS - University of Bordeaux research unit. It brings together the main research forces in economics in the Bordeaux area.","breadcrumb":{"@id":"https:\/\/www.bse.u-bordeaux.fr\/en\/#breadcrumb"},"inLanguage":"en-US","potentialAction":[{"@type":"ReadAction","target":["https:\/\/www.bse.u-bordeaux.fr\/en\/"]}]},{"@type":"ImageObject","inLanguage":"en-US","@id":"https:\/\/www.bse.u-bordeaux.fr\/en\/#primaryimage","url":"https:\/\/www.bse.u-bordeaux.fr\/wp-content\/uploads\/2022\/12\/Mon-projet-4.png","contentUrl":"https:\/\/www.bse.u-bordeaux.fr\/wp-content\/uploads\/2022\/12\/Mon-projet-4.png"},{"@type":"BreadcrumbList","@id":"https:\/\/www.bse.u-bordeaux.fr\/en\/#breadcrumb","itemListElement":[{"@type":"ListItem","position":1,"name":"Accueil","item":"https:\/\/www.bse.u-bordeaux.fr\/en\/"},{"@type":"ListItem","position":2,"name":"Bordeaux Sciences \u00c9conomique \/ Bordeaux School of Economics EN"}]},{"@type":"WebSite","@id":"https:\/\/www.bse.u-bordeaux.fr\/en\/#website","url":"https:\/\/www.bse.u-bordeaux.fr\/en\/","name":"Bordeaux Sciences \u00c9conomiques - Universit\u00e9 de Bordeaux","description":"Bordeaux Sciences \u00c9conomiques \/ Bordeaux School of Economics","publisher":{"@id":"https:\/\/www.bse.u-bordeaux.fr\/en\/#organization"},"alternateName":"BSE - Universit\u00e9 de Bordeaux","potentialAction":[{"@type":"SearchAction","target":{"@type":"EntryPoint","urlTemplate":"https:\/\/www.bse.u-bordeaux.fr\/en\/?s={search_term_string}"},"query-input":{"@type":"PropertyValueSpecification","valueRequired":true,"valueName":"search_term_string"}}],"inLanguage":"en-US"},{"@type":"Organization","@id":"https:\/\/www.bse.u-bordeaux.fr\/en\/#organization","name":"BSE - Universit\u00e9 de Bordeaux","url":"https:\/\/www.bse.u-bordeaux.fr\/en\/","logo":{"@type":"ImageObject","inLanguage":"en-US","@id":"https:\/\/www.bse.u-bordeaux.fr\/en\/#\/schema\/logo\/image\/","url":"https:\/\/www.bse.u-bordeaux.fr\/wp-content\/uploads\/2021\/11\/BSE-logo-menu.png","contentUrl":"https:\/\/www.bse.u-bordeaux.fr\/wp-content\/uploads\/2021\/11\/BSE-logo-menu.png","width":190,"height":188,"caption":"BSE - Universit\u00e9 de Bordeaux"},"image":{"@id":"https:\/\/www.bse.u-bordeaux.fr\/en\/#\/schema\/logo\/image\/"},"sameAs":["https:\/\/www.linkedin.com\/company\/bse-bordeaux-sciences-economiques\/","https:\/\/www.youtube.com\/@bsebordeauxscienceseconomi2508\/videos"]}]}},"_links":{"self":[{"href":"https:\/\/www.bse.u-bordeaux.fr\/en\/wp-json\/wp\/v2\/pages\/15450","targetHints":{"allow":["GET"]}}],"collection":[{"href":"https:\/\/www.bse.u-bordeaux.fr\/en\/wp-json\/wp\/v2\/pages"}],"about":[{"href":"https:\/\/www.bse.u-bordeaux.fr\/en\/wp-json\/wp\/v2\/types\/page"}],"author":[{"embeddable":true,"href":"https:\/\/www.bse.u-bordeaux.fr\/en\/wp-json\/wp\/v2\/users\/8"}],"replies":[{"embeddable":true,"href":"https:\/\/www.bse.u-bordeaux.fr\/en\/wp-json\/wp\/v2\/comments?post=15450"}],"version-history":[{"count":1,"href":"https:\/\/www.bse.u-bordeaux.fr\/en\/wp-json\/wp\/v2\/pages\/15450\/revisions"}],"predecessor-version":[{"id":25873,"href":"https:\/\/www.bse.u-bordeaux.fr\/en\/wp-json\/wp\/v2\/pages\/15450\/revisions\/25873"}],"wp:attachment":[{"href":"https:\/\/www.bse.u-bordeaux.fr\/en\/wp-json\/wp\/v2\/media?parent=15450"}],"curies":[{"name":"wp","href":"https:\/\/api.w.org\/{rel}","templated":true}]}}