{"id":6638,"date":"2020-03-30T16:28:56","date_gmt":"2020-03-30T14:28:56","guid":{"rendered":"https:\/\/bse.u-bordeaux.fr\/?page_id=6638"},"modified":"2026-02-19T16:45:05","modified_gmt":"2026-02-19T15:45:05","slug":"programme-1","status":"publish","type":"page","link":"https:\/\/www.bse.u-bordeaux.fr\/en\/research-programmes\/programme-1\/","title":{"rendered":"PROGRAMME 1"},"content":{"rendered":"<p><div class=\"fusion-fullwidth fullwidth-box fusion-builder-row-1 nonhundred-percent-fullwidth non-hundred-percent-height-scrolling\" style=\"--awb-background-position:left top;--awb-border-sizes-top:0px;--awb-border-sizes-bottom:0px;--awb-border-sizes-left:0px;--awb-border-sizes-right:0px;--awb-border-radius-top-left:0px;--awb-border-radius-top-right:0px;--awb-border-radius-bottom-right:0px;--awb-border-radius-bottom-left:0px;--awb-padding-top:10px;--awb-background-color:#ffffff;--awb-flex-wrap:wrap;\" ><div class=\"fusion-builder-row fusion-row\"><div class=\"fusion-layout-column fusion_builder_column fusion-builder-column-0 fusion_builder_column_1_1 1_1 fusion-one-full fusion-column-first fusion-column-last\" style=\"--awb-padding-bottom:30px;--awb-bg-size:cover;\"><div class=\"fusion-column-wrapper fusion-column-has-shadow fusion-flex-column-wrapper-legacy\"><div class=\"fusion-fa-align-center\"><i class=\"fb-icon-element-1 fb-icon-element fontawesome-icon fa-atom fas circle-yes\" style=\"--awb-iconcolor:var(--awb-color3);--awb-iconcolor-hover:var(--awb-color7);--awb-circlecolor:var(--awb-color1);--awb-circlecolor-hover:var(--awb-color1);--awb-circlebordersize:0px;--awb-font-size:61.6px;--awb-width:123.2px;--awb-height:123.2px;--awb-line-height:123.2px;\"><\/i><\/div><div class=\"fusion-text fusion-text-1\" style=\"--awb-text-transform:none;\"><h1 style=\"text-align: center;\"><span class=\"ezstring-field\"><strong>Programme 1 (ISI)<\/strong>\u00a0<\/span><span class=\"ezstring-field\">\/ Innovation, Science, Industries<\/span><\/h1>\n<\/div><div class=\"fusion-text fusion-text-2\" style=\"--awb-text-transform:none;\"><h4 style=\"text-align: center;\"><span class=\"ezstring-field\">\u00a0<a href=\"https:\/\/www.bse.u-bordeaux.fr\/membres\/maider-saint-jean\/\" target=\"_blank\" rel=\"noopener\">Ma\u00efder Saint-Jean<\/a>, <a href=\"https:\/\/www.bse.u-bordeaux.fr\/membres\/diego-useche\/\">Diego Useche<\/a><\/span><\/h4>\n<\/div><div class=\"fusion-clearfix\"><\/div><\/div><\/div><\/div><\/div><div class=\"fusion-fullwidth fullwidth-box fusion-builder-row-2 fusion-flex-container nonhundred-percent-fullwidth non-hundred-percent-height-scrolling\" style=\"--awb-border-radius-top-left:0px;--awb-border-radius-top-right:0px;--awb-border-radius-bottom-right:0px;--awb-border-radius-bottom-left:0px;--awb-padding-bottom:20px;--awb-flex-wrap:wrap;\" ><div class=\"fusion-builder-row fusion-row fusion-flex-align-items-flex-start fusion-flex-content-wrap\" style=\"max-width:1352px;margin-left: calc(-4% \/ 2 );margin-right: calc(-4% \/ 2 );\"><div class=\"fusion-layout-column fusion_builder_column fusion-builder-column-1 fusion_builder_column_1_4 1_4 fusion-flex-column\" style=\"--awb-bg-size:cover;--awb-width-large:25%;--awb-margin-top-large:0px;--awb-spacing-right-large:7.68%;--awb-margin-bottom-large:20px;--awb-spacing-left-large:7.68%;--awb-width-medium:100%;--awb-order-medium:0;--awb-spacing-right-medium:1.92%;--awb-spacing-left-medium:1.92%;--awb-width-small:100%;--awb-order-small:0;--awb-spacing-right-small:1.92%;--awb-spacing-left-small:1.92%;\"><div class=\"fusion-column-wrapper fusion-column-has-shadow fusion-flex-justify-content-flex-start fusion-content-layout-column\"><div class=\"md-text-align-center sm-text-align-center\"><a class=\"fusion-button button-flat fusion-button-default-size button-default fusion-button-default button-1 fusion-button-default-span fusion-button-default-type\" target=\"_self\" href=\"https:\/\/www.bse.u-bordeaux.fr\/programmes-de-recherche\/programme-1\/membres-p1\/\"><i class=\"fa-address-book fas awb-button__icon awb-button__icon--default button-icon-left\" aria-hidden=\"true\"><\/i><span class=\"fusion-button-text awb-button__text awb-button__text--default\">Programme members<\/span><\/a><\/div><\/div><\/div><div class=\"fusion-layout-column fusion_builder_column fusion-builder-column-2 fusion_builder_column_1_4 1_4 fusion-flex-column\" style=\"--awb-bg-size:cover;--awb-width-large:25%;--awb-margin-top-large:0px;--awb-spacing-right-large:7.68%;--awb-margin-bottom-large:20px;--awb-spacing-left-large:7.68%;--awb-width-medium:100%;--awb-order-medium:0;--awb-spacing-right-medium:1.92%;--awb-spacing-left-medium:1.92%;--awb-width-small:100%;--awb-order-small:0;--awb-spacing-right-small:1.92%;--awb-spacing-left-small:1.92%;\"><div class=\"fusion-column-wrapper fusion-column-has-shadow fusion-flex-justify-content-flex-start fusion-content-layout-column\"><div style=\"text-align:center;\"><a class=\"fusion-button button-flat fusion-button-default-size button-default fusion-button-default button-2 fusion-button-default-span fusion-button-default-type\" target=\"_blank\" rel=\"noopener noreferrer\" href=\"https:\/\/www.bse.u-bordeaux.fr\/agenda\/etiquette\/seminaires-programme-1\/liste\/?eventDisplay=past\"><i class=\"fa-clock fas awb-button__icon awb-button__icon--default button-icon-left\" aria-hidden=\"true\"><\/i><span class=\"fusion-button-text awb-button__text awb-button__text--default\">seminars <\/span><\/a><\/div><\/div><\/div><div class=\"fusion-layout-column fusion_builder_column fusion-builder-column-3 fusion_builder_column_1_4 1_4 fusion-flex-column\" style=\"--awb-bg-size:cover;--awb-width-large:25%;--awb-margin-top-large:0px;--awb-spacing-right-large:7.68%;--awb-margin-bottom-large:20px;--awb-spacing-left-large:7.68%;--awb-width-medium:100%;--awb-order-medium:0;--awb-spacing-right-medium:1.92%;--awb-spacing-left-medium:1.92%;--awb-width-small:100%;--awb-order-small:0;--awb-spacing-right-small:1.92%;--awb-spacing-left-small:1.92%;\"><div class=\"fusion-column-wrapper fusion-column-has-shadow fusion-flex-justify-content-flex-start fusion-content-layout-column\"><div style=\"text-align:center;\"><a class=\"fusion-button button-flat fusion-button-default-size button-default fusion-button-default button-3 fusion-button-default-span fusion-button-default-type\" target=\"_blank\" rel=\"noopener noreferrer\" href=\"https:\/\/www.bse.u-bordeaux.fr\/agenda\/tag\/conferences-programme-1\/liste\/?eventDisplay=past\"><i class=\"fa-calendar-check fas awb-button__icon awb-button__icon--default button-icon-left\" aria-hidden=\"true\"><\/i><span class=\"fusion-button-text awb-button__text awb-button__text--default\">conferences<\/span><\/a><\/div><\/div><\/div><div class=\"fusion-layout-column fusion_builder_column fusion-builder-column-4 fusion_builder_column_1_4 1_4 fusion-flex-column\" style=\"--awb-bg-size:cover;--awb-width-large:25%;--awb-margin-top-large:0px;--awb-spacing-right-large:7.68%;--awb-margin-bottom-large:20px;--awb-spacing-left-large:7.68%;--awb-width-medium:100%;--awb-order-medium:0;--awb-spacing-right-medium:1.92%;--awb-spacing-left-medium:1.92%;--awb-width-small:100%;--awb-order-small:0;--awb-spacing-right-small:1.92%;--awb-spacing-left-small:1.92%;\"><div class=\"fusion-column-wrapper fusion-column-has-shadow fusion-flex-justify-content-flex-start fusion-content-layout-column\"><div class=\"md-text-align-center sm-text-align-center\" style=\"text-align:right;\"><a class=\"fusion-button button-flat fusion-button-default-size button-default fusion-button-default button-4 fusion-button-default-span fusion-button-default-type\" target=\"_self\" href=\"https:\/\/www.bse.u-bordeaux.fr\/en\/research-contracts\/\"><i class=\"fa-book fas awb-button__icon awb-button__icon--default button-icon-left\" aria-hidden=\"true\"><\/i><span class=\"fusion-button-text awb-button__text awb-button__text--default\">research contracts<\/span><\/a><\/div><\/div><\/div><\/div><\/div><div class=\"fusion-fullwidth fullwidth-box fusion-builder-row-3 nonhundred-percent-fullwidth non-hundred-percent-height-scrolling\" style=\"--awb-border-radius-top-left:0px;--awb-border-radius-top-right:0px;--awb-border-radius-bottom-right:0px;--awb-border-radius-bottom-left:0px;--awb-padding-top:30px;--awb-padding-bottom:30px;--awb-background-color:#dfe4ea;--awb-flex-wrap:wrap;\" ><div class=\"fusion-builder-row fusion-row\"><div class=\"fusion-layout-column fusion_builder_column fusion-builder-column-5 fusion_builder_column_1_2 1_2 fusion-one-half fusion-column-first\" style=\"--awb-bg-size:cover;width:50%;width:calc(50% - ( ( 4% ) * 0.5 ) );margin-right: 4%;\"><div class=\"fusion-column-wrapper fusion-column-has-shadow fusion-flex-column-wrapper-legacy\"><div class=\"fusion-text fusion-text-3 fusion-text-no-margin\" style=\"--awb-content-alignment:justify;--awb-text-transform:none;--awb-margin-top:20px;--awb-margin-bottom:50px;\"><p style=\"text-align: justify;\">The <strong>ISI<\/strong> programme, <strong>Innovation-Science-Industries<\/strong>, brings together the work carried out at <b>Bordeaux School of Economics <\/b>on the themes of the economy of innovation, the economy of science and industrial dynamics. It brings together 20 researchers and tenured and emeritus teacher-researchers.<\/p>\n<p style=\"text-align: justify;\">The team&#8217;s work focuses on the factors that explain creative dynamics from the early stages of research to their implementation in firms and industries. The team is particularly interested in the mechanisms of knowledge creation in universities, in the diffusion of knowledge at the international level through the mechanisms of migration of highly qualified people, in the transformations of productive systems in the face of environmental and\/or digital challenges and in the impact of technological and organisational changes on firms and industrial architectures.<\/p>\n<p style=\"text-align: justify;\">Our work combines theoretical and applied research in different fields of economic analysis of innovation and relies on original databases that allow us to mobilise a variety of methods: econometric techniques, agent-based simulations, experimental economics, sectoral or monographic studies or textual analysis techniques.<\/p>\n<\/div><div class=\"fusion-clearfix\"><\/div><\/div><\/div><div class=\"fusion-layout-column fusion_builder_column fusion-builder-column-6 fusion_builder_column_1_2 1_2 fusion-one-half fusion-column-last\" style=\"--awb-bg-size:cover;width:50%;width:calc(50% - ( ( 4% ) * 0.5 ) );\"><div class=\"fusion-column-wrapper fusion-column-has-shadow fusion-flex-column-wrapper-legacy\"><div class=\"fusion-text fusion-text-4\" style=\"--awb-text-transform:none;\"><p style=\"text-align: justify;\">The team is particularly connected to the VIA INNO valorisation platform dedicated to the development of technological intelligence methods for companies, universities and EPST as well as local authorities.<\/p>\n<p style=\"text-align: justify;\">Generic keywords: economics of innovation, economics of science, industrial dynamics<\/p>\n<p style=\"text-align: justify;\">Specific keywords: networks, patents, intellectual property, geography of innovation, highly qualified migrations, gender bias in science, platform economy, eco-innovation, defence economy, Factory 4.0, industrial regulations and policies<\/p>\n<p style=\"text-align: left;\">Three thematic axes of the ISI programme for the next five years:<\/p>\n<p style=\"text-align: left;\"><strong>Axis 1 &#8211; Economics of Science: Researchers&#8217; Behaviour and Research Policies<\/strong><\/p>\n<p style=\"text-align: left;\"><strong>Axis 2 &#8211; Intellectual Property and Geography of Innovation<\/strong><\/p>\n<p style=\"text-align: left;\"><strong>Axis 3 &#8211; Transitions of productive systems<\/strong><\/p>\n<\/div><div class=\"fusion-clearfix\"><\/div><\/div><\/div><div class=\"fusion-layout-column fusion_builder_column fusion-builder-column-7 fusion_builder_column_1_4 1_4 fusion-one-fourth fusion-column-first\" style=\"--awb-bg-size:cover;width:25%;width:calc(25% - ( ( 4% + 4% ) * 0.25 ) );margin-right: 4%;\"><div class=\"fusion-column-wrapper fusion-column-has-shadow fusion-flex-column-wrapper-legacy\"><div class=\"fusion-clearfix\"><\/div><\/div><\/div><div class=\"fusion-layout-column fusion_builder_column fusion-builder-column-8 fusion_builder_column_1_2 1_2 fusion-one-half\" style=\"--awb-bg-size:cover;width:50%;width:calc(50% - ( ( 4% + 4% ) * 0.5 ) );margin-right: 4%;\"><div class=\"fusion-column-wrapper fusion-column-has-shadow fusion-flex-column-wrapper-legacy\"><div class=\"fusion-widget fusion-widget-element fusion-widget-area fusion-content-widget-area wpWidget-1 wp_widget_media_video\" style=\"--awb-fusion-border-size:0px;--awb-fusion-border-style:solid;\"><div class=\"widget widget_media_video\"><div style=\"width:100%;\" class=\"wp-video\"><video class=\"wp-video-shortcode\" id=\"video-6638-1\" preload=\"metadata\" controls=\"controls\"><source type=\"video\/youtube\" src=\"https:\/\/youtu.be\/gJsjnn30uHU?si=HSmvuLUdkno-1sCy&#038;_=1\" \/><a href=\"https:\/\/youtu.be\/gJsjnn30uHU?si=HSmvuLUdkno-1sCy\">https:\/\/youtu.be\/gJsjnn30uHU?si=HSmvuLUdkno-1sCy<\/a><\/video><\/div><\/div><\/div><div class=\"fusion-clearfix\"><\/div><\/div><\/div><div class=\"fusion-layout-column fusion_builder_column fusion-builder-column-9 fusion_builder_column_1_4 1_4 fusion-one-fourth fusion-column-last\" style=\"--awb-bg-size:cover;width:25%;width:calc(25% - ( ( 4% + 4% ) * 0.25 ) );\"><div class=\"fusion-column-wrapper fusion-column-has-shadow fusion-flex-column-wrapper-legacy\"><div class=\"fusion-clearfix\"><\/div><\/div><\/div><div class=\"fusion-layout-column fusion_builder_column fusion-builder-column-10 fusion_builder_column_1_1 1_1 fusion-one-full fusion-column-first fusion-column-last\" style=\"--awb-bg-size:cover;\"><div class=\"fusion-column-wrapper fusion-column-has-shadow fusion-flex-column-wrapper-legacy\"><div class=\"fusion-alignright\"><a class=\"fusion-button button-flat fusion-button-default-size button-default fusion-button-default button-5 fusion-button-default-span fusion-button-default-type\" target=\"_self\" href=\"https:\/\/www.bse.u-bordeaux.fr\/en\/research-programmes\/\"><span class=\"fusion-button-text awb-button__text awb-button__text--default\">&gt; RESEARCH PROGRAMMES<\/span><\/a><\/div><div class=\"fusion-clearfix\"><\/div><\/div><\/div><\/div><\/div><\/p>\n","protected":false},"excerpt":{"rendered":"","protected":false},"author":8,"featured_media":0,"parent":12804,"menu_order":0,"comment_status":"closed","ping_status":"closed","template":"100-width.php","meta":{"_monsterinsights_skip_tracking":false,"_monsterinsights_sitenote_active":false,"_monsterinsights_sitenote_note":"","_monsterinsights_sitenote_category":0,"footnotes":""},"class_list":["post-6638","page","type-page","status-publish","hentry"],"yoast_head":"<!-- This site is optimized with the Yoast SEO plugin v27.4 - https:\/\/yoast.com\/product\/yoast-seo-wordpress\/ -->\n<title>PROGRAMME 1 | BxSE<\/title>\n<meta name=\"robots\" content=\"index, follow, max-snippet:-1, max-image-preview:large, max-video-preview:-1\" \/>\n<link rel=\"canonical\" href=\"https:\/\/www.bse.u-bordeaux.fr\/en\/research-programmes\/programme-1\/\" \/>\n<meta property=\"og:locale\" content=\"en_US\" \/>\n<meta property=\"og:type\" content=\"article\" \/>\n<meta property=\"og:title\" content=\"PROGRAMME 1 | BxSE\" \/>\n<meta property=\"og:url\" content=\"https:\/\/www.bse.u-bordeaux.fr\/en\/research-programmes\/programme-1\/\" \/>\n<meta property=\"og:site_name\" content=\"BxSE\" \/>\n<meta property=\"article:modified_time\" content=\"2026-02-19T15:45:05+00:00\" \/>\n<meta property=\"og:image\" content=\"https:\/\/www.bse.u-bordeaux.fr\/wp-content\/uploads\/2024\/10\/logo-BSE.jpg\" \/>\n\t<meta property=\"og:image:width\" content=\"1200\" \/>\n\t<meta property=\"og:image:height\" content=\"675\" \/>\n\t<meta property=\"og:image:type\" content=\"image\/jpeg\" \/>\n<meta name=\"twitter:card\" content=\"summary_large_image\" \/>\n<meta name=\"twitter:label1\" content=\"Est. reading time\" \/>\n\t<meta name=\"twitter:data1\" content=\"2 minutes\" \/>\n<script type=\"application\/ld+json\" class=\"yoast-schema-graph\">{\"@context\":\"https:\\\/\\\/schema.org\",\"@graph\":[{\"@type\":\"WebPage\",\"@id\":\"https:\\\/\\\/www.bse.u-bordeaux.fr\\\/en\\\/research-programmes\\\/programme-1\\\/\",\"url\":\"https:\\\/\\\/www.bse.u-bordeaux.fr\\\/en\\\/research-programmes\\\/programme-1\\\/\",\"name\":\"PROGRAMME 1 | BxSE\",\"isPartOf\":{\"@id\":\"https:\\\/\\\/www.bse.u-bordeaux.fr\\\/en\\\/#website\"},\"datePublished\":\"2020-03-30T14:28:56+00:00\",\"dateModified\":\"2026-02-19T15:45:05+00:00\",\"breadcrumb\":{\"@id\":\"https:\\\/\\\/www.bse.u-bordeaux.fr\\\/en\\\/research-programmes\\\/programme-1\\\/#breadcrumb\"},\"inLanguage\":\"en-US\",\"potentialAction\":[{\"@type\":\"ReadAction\",\"target\":[\"https:\\\/\\\/www.bse.u-bordeaux.fr\\\/en\\\/research-programmes\\\/programme-1\\\/\"]}]},{\"@type\":\"BreadcrumbList\",\"@id\":\"https:\\\/\\\/www.bse.u-bordeaux.fr\\\/en\\\/research-programmes\\\/programme-1\\\/#breadcrumb\",\"itemListElement\":[{\"@type\":\"ListItem\",\"position\":1,\"name\":\"Accueil\",\"item\":\"https:\\\/\\\/www.bse.u-bordeaux.fr\\\/en\\\/\"},{\"@type\":\"ListItem\",\"position\":2,\"name\":\"RESEARCH PROGRAMMES\",\"item\":\"https:\\\/\\\/www.bse.u-bordeaux.fr\\\/en\\\/research-programmes\\\/\"},{\"@type\":\"ListItem\",\"position\":3,\"name\":\"PROGRAMME 1\"}]},{\"@type\":\"WebSite\",\"@id\":\"https:\\\/\\\/www.bse.u-bordeaux.fr\\\/en\\\/#website\",\"url\":\"https:\\\/\\\/www.bse.u-bordeaux.fr\\\/en\\\/\",\"name\":\"Bordeaux Sciences \u00c9conomiques - Universit\u00e9 de Bordeaux\",\"description\":\"Bordeaux Sciences \u00c9conomiques \\\/ Bordeaux School of Economics\",\"publisher\":{\"@id\":\"https:\\\/\\\/www.bse.u-bordeaux.fr\\\/en\\\/#organization\"},\"alternateName\":\"BSE - Universit\u00e9 de Bordeaux\",\"potentialAction\":[{\"@type\":\"SearchAction\",\"target\":{\"@type\":\"EntryPoint\",\"urlTemplate\":\"https:\\\/\\\/www.bse.u-bordeaux.fr\\\/en\\\/?s={search_term_string}\"},\"query-input\":{\"@type\":\"PropertyValueSpecification\",\"valueRequired\":true,\"valueName\":\"search_term_string\"}}],\"inLanguage\":\"en-US\"},{\"@type\":\"Organization\",\"@id\":\"https:\\\/\\\/www.bse.u-bordeaux.fr\\\/en\\\/#organization\",\"name\":\"BSE - Universit\u00e9 de Bordeaux\",\"url\":\"https:\\\/\\\/www.bse.u-bordeaux.fr\\\/en\\\/\",\"logo\":{\"@type\":\"ImageObject\",\"inLanguage\":\"en-US\",\"@id\":\"https:\\\/\\\/www.bse.u-bordeaux.fr\\\/en\\\/#\\\/schema\\\/logo\\\/image\\\/\",\"url\":\"https:\\\/\\\/www.bse.u-bordeaux.fr\\\/wp-content\\\/uploads\\\/2021\\\/11\\\/BSE-logo-menu.png\",\"contentUrl\":\"https:\\\/\\\/www.bse.u-bordeaux.fr\\\/wp-content\\\/uploads\\\/2021\\\/11\\\/BSE-logo-menu.png\",\"width\":190,\"height\":188,\"caption\":\"BSE - Universit\u00e9 de Bordeaux\"},\"image\":{\"@id\":\"https:\\\/\\\/www.bse.u-bordeaux.fr\\\/en\\\/#\\\/schema\\\/logo\\\/image\\\/\"},\"sameAs\":[\"https:\\\/\\\/www.linkedin.com\\\/company\\\/bse-bordeaux-sciences-economiques\\\/\",\"https:\\\/\\\/www.youtube.com\\\/@bsebordeauxscienceseconomi2508\\\/videos\"]}]}<\/script>\n<!-- \/ Yoast SEO plugin. -->","yoast_head_json":{"title":"PROGRAMME 1 | BxSE","robots":{"index":"index","follow":"follow","max-snippet":"max-snippet:-1","max-image-preview":"max-image-preview:large","max-video-preview":"max-video-preview:-1"},"canonical":"https:\/\/www.bse.u-bordeaux.fr\/en\/research-programmes\/programme-1\/","og_locale":"en_US","og_type":"article","og_title":"PROGRAMME 1 | BxSE","og_url":"https:\/\/www.bse.u-bordeaux.fr\/en\/research-programmes\/programme-1\/","og_site_name":"BxSE","article_modified_time":"2026-02-19T15:45:05+00:00","og_image":[{"width":1200,"height":675,"url":"https:\/\/www.bse.u-bordeaux.fr\/wp-content\/uploads\/2024\/10\/logo-BSE.jpg","type":"image\/jpeg"}],"twitter_card":"summary_large_image","twitter_misc":{"Est. reading time":"2 minutes"},"schema":{"@context":"https:\/\/schema.org","@graph":[{"@type":"WebPage","@id":"https:\/\/www.bse.u-bordeaux.fr\/en\/research-programmes\/programme-1\/","url":"https:\/\/www.bse.u-bordeaux.fr\/en\/research-programmes\/programme-1\/","name":"PROGRAMME 1 | BxSE","isPartOf":{"@id":"https:\/\/www.bse.u-bordeaux.fr\/en\/#website"},"datePublished":"2020-03-30T14:28:56+00:00","dateModified":"2026-02-19T15:45:05+00:00","breadcrumb":{"@id":"https:\/\/www.bse.u-bordeaux.fr\/en\/research-programmes\/programme-1\/#breadcrumb"},"inLanguage":"en-US","potentialAction":[{"@type":"ReadAction","target":["https:\/\/www.bse.u-bordeaux.fr\/en\/research-programmes\/programme-1\/"]}]},{"@type":"BreadcrumbList","@id":"https:\/\/www.bse.u-bordeaux.fr\/en\/research-programmes\/programme-1\/#breadcrumb","itemListElement":[{"@type":"ListItem","position":1,"name":"Accueil","item":"https:\/\/www.bse.u-bordeaux.fr\/en\/"},{"@type":"ListItem","position":2,"name":"RESEARCH PROGRAMMES","item":"https:\/\/www.bse.u-bordeaux.fr\/en\/research-programmes\/"},{"@type":"ListItem","position":3,"name":"PROGRAMME 1"}]},{"@type":"WebSite","@id":"https:\/\/www.bse.u-bordeaux.fr\/en\/#website","url":"https:\/\/www.bse.u-bordeaux.fr\/en\/","name":"Bordeaux Sciences \u00c9conomiques - Universit\u00e9 de Bordeaux","description":"Bordeaux Sciences \u00c9conomiques \/ Bordeaux School of Economics","publisher":{"@id":"https:\/\/www.bse.u-bordeaux.fr\/en\/#organization"},"alternateName":"BSE - Universit\u00e9 de Bordeaux","potentialAction":[{"@type":"SearchAction","target":{"@type":"EntryPoint","urlTemplate":"https:\/\/www.bse.u-bordeaux.fr\/en\/?s={search_term_string}"},"query-input":{"@type":"PropertyValueSpecification","valueRequired":true,"valueName":"search_term_string"}}],"inLanguage":"en-US"},{"@type":"Organization","@id":"https:\/\/www.bse.u-bordeaux.fr\/en\/#organization","name":"BSE - Universit\u00e9 de Bordeaux","url":"https:\/\/www.bse.u-bordeaux.fr\/en\/","logo":{"@type":"ImageObject","inLanguage":"en-US","@id":"https:\/\/www.bse.u-bordeaux.fr\/en\/#\/schema\/logo\/image\/","url":"https:\/\/www.bse.u-bordeaux.fr\/wp-content\/uploads\/2021\/11\/BSE-logo-menu.png","contentUrl":"https:\/\/www.bse.u-bordeaux.fr\/wp-content\/uploads\/2021\/11\/BSE-logo-menu.png","width":190,"height":188,"caption":"BSE - Universit\u00e9 de Bordeaux"},"image":{"@id":"https:\/\/www.bse.u-bordeaux.fr\/en\/#\/schema\/logo\/image\/"},"sameAs":["https:\/\/www.linkedin.com\/company\/bse-bordeaux-sciences-economiques\/","https:\/\/www.youtube.com\/@bsebordeauxscienceseconomi2508\/videos"]}]}},"_links":{"self":[{"href":"https:\/\/www.bse.u-bordeaux.fr\/en\/wp-json\/wp\/v2\/pages\/6638","targetHints":{"allow":["GET"]}}],"collection":[{"href":"https:\/\/www.bse.u-bordeaux.fr\/en\/wp-json\/wp\/v2\/pages"}],"about":[{"href":"https:\/\/www.bse.u-bordeaux.fr\/en\/wp-json\/wp\/v2\/types\/page"}],"author":[{"embeddable":true,"href":"https:\/\/www.bse.u-bordeaux.fr\/en\/wp-json\/wp\/v2\/users\/8"}],"replies":[{"embeddable":true,"href":"https:\/\/www.bse.u-bordeaux.fr\/en\/wp-json\/wp\/v2\/comments?post=6638"}],"version-history":[{"count":2,"href":"https:\/\/www.bse.u-bordeaux.fr\/en\/wp-json\/wp\/v2\/pages\/6638\/revisions"}],"predecessor-version":[{"id":25876,"href":"https:\/\/www.bse.u-bordeaux.fr\/en\/wp-json\/wp\/v2\/pages\/6638\/revisions\/25876"}],"up":[{"embeddable":true,"href":"https:\/\/www.bse.u-bordeaux.fr\/en\/wp-json\/wp\/v2\/pages\/12804"}],"wp:attachment":[{"href":"https:\/\/www.bse.u-bordeaux.fr\/en\/wp-json\/wp\/v2\/media?parent=6638"}],"curies":[{"name":"wp","href":"https:\/\/api.w.org\/{rel}","templated":true}]}}